{"id":1046,"date":"2018-10-12T08:41:42","date_gmt":"2018-10-12T06:41:42","guid":{"rendered":"https:\/\/thierry-vernet.net\/?page_id=1046"},"modified":"2019-08-13T11:06:21","modified_gmt":"2019-08-13T09:06:21","slug":"les-panneaux-dune-exposition","status":"publish","type":"page","link":"https:\/\/thierry-vernet.net\/?page_id=1046","title":{"rendered":"Les panneaux d&rsquo;une exposition"},"content":{"rendered":"<p><strong>Parcours de vie de Th. Vernet et F. Stephani, r\u00e9sum\u00e9 en 18 panneaux. ( \u00e0 disposition pour des expos )<br \/>\n<\/strong><\/p>\n<p>ngg_shortcode_0_placeholdercliquez sur l&rsquo;image pour agrandir.<\/p>\n","protected":false},"excerpt":{"rendered":"<p>Parcours de vie de Th. Vernet et F. Stephani, r\u00e9sum\u00e9 en 18 panneaux. ( \u00e0 disposition pour des expos ) cliquez sur l&rsquo;image pour agrandir.<\/p>\n","protected":false},"author":2,"featured_media":0,"parent":77,"menu_order":0,"comment_status":"closed","ping_status":"closed","template":"","meta":{"ngg_post_thumbnail":0,"footnotes":""},"class_list":["post-1046","page","type-page","status-publish","hentry"],"_links":{"self":[{"href":"https:\/\/thierry-vernet.net\/index.php?rest_route=\/wp\/v2\/pages\/1046","targetHints":{"allow":["GET"]}}],"collection":[{"href":"https:\/\/thierry-vernet.net\/index.php?rest_route=\/wp\/v2\/pages"}],"about":[{"href":"https:\/\/thierry-vernet.net\/index.php?rest_route=\/wp\/v2\/types\/page"}],"author":[{"embeddable":true,"href":"https:\/\/thierry-vernet.net\/index.php?rest_route=\/wp\/v2\/users\/2"}],"replies":[{"embeddable":true,"href":"https:\/\/thierry-vernet.net\/index.php?rest_route=%2Fwp%2Fv2%2Fcomments&post=1046"}],"version-history":[{"count":3,"href":"https:\/\/thierry-vernet.net\/index.php?rest_route=\/wp\/v2\/pages\/1046\/revisions"}],"predecessor-version":[{"id":1583,"href":"https:\/\/thierry-vernet.net\/index.php?rest_route=\/wp\/v2\/pages\/1046\/revisions\/1583"}],"up":[{"embeddable":true,"href":"https:\/\/thierry-vernet.net\/index.php?rest_route=\/wp\/v2\/pages\/77"}],"wp:attachment":[{"href":"https:\/\/thierry-vernet.net\/index.php?rest_route=%2Fwp%2Fv2%2Fmedia&parent=1046"}],"curies":[{"name":"wp","href":"https:\/\/api.w.org\/{rel}","templated":true}]}}