{"id":1160,"date":"2018-10-29T15:29:02","date_gmt":"2018-10-29T13:29:02","guid":{"rendered":"https:\/\/thierry-vernet.net\/?page_id=1160"},"modified":"2018-10-29T15:29:02","modified_gmt":"2018-10-29T13:29:02","slug":"amities-et-influences","status":"publish","type":"page","link":"https:\/\/thierry-vernet.net\/?page_id=1160","title":{"rendered":"Amiti\u00e9s et influences"},"content":{"rendered":"<h4><em>\u00ab\u00a0Nous avons tous une histoire personnelle et Unique, et c&rsquo;est pourquoi nous sommes seuls \u00e0 trouver r\u00e9ponses \u00e0 nos questions. C&rsquo;est pourquoi je ne crois pas \u00e0 \u00ab\u00a0l&rsquo;Exp\u00e9rience\u00a0\u00bb, mais je crois \u00e0 l&rsquo;amour, \u00e0 l&rsquo;amiti\u00e9 et \u00e0 la fraternit\u00e9 avec un petit f, celle qui se vit sur le terrain&#8230;\u00a0\u00bb<\/em><\/h4>\n<p>Thierry Vernet &#8211; correspondance priv\u00e9e<\/p>\n<p><img loading=\"lazy\" decoding=\"async\" class=\"alignnone  wp-image-1161\" src=\"https:\/\/thierry-vernet.net\/wp-content\/uploads\/2018\/10\/thierry-1962-230x300.jpg\" alt=\"\" width=\"218\" height=\"284\" srcset=\"https:\/\/thierry-vernet.net\/wp-content\/uploads\/2018\/10\/thierry-1962-230x300.jpg 230w, https:\/\/thierry-vernet.net\/wp-content\/uploads\/2018\/10\/thierry-1962-768x1002.jpg 768w, https:\/\/thierry-vernet.net\/wp-content\/uploads\/2018\/10\/thierry-1962-785x1024.jpg 785w, https:\/\/thierry-vernet.net\/wp-content\/uploads\/2018\/10\/thierry-1962.jpg 2007w\" sizes=\"auto, (max-width: 218px) 100vw, 218px\" \/><img loading=\"lazy\" decoding=\"async\" class=\"wp-image-1162 alignright\" src=\"https:\/\/thierry-vernet.net\/wp-content\/uploads\/2018\/10\/thierry00-300x296.jpg\" alt=\"\" width=\"255\" height=\"252\" srcset=\"https:\/\/thierry-vernet.net\/wp-content\/uploads\/2018\/10\/thierry00-300x296.jpg 300w, https:\/\/thierry-vernet.net\/wp-content\/uploads\/2018\/10\/thierry00-768x757.jpg 768w, https:\/\/thierry-vernet.net\/wp-content\/uploads\/2018\/10\/thierry00-1024x1009.jpg 1024w\" sizes=\"auto, (max-width: 255px) 100vw, 255px\" \/><\/p>\n<h4><em>\u00a0\u00bb Je souhaite qu&rsquo;une fois, plus tard, quelqu&rsquo;un d&rsquo;inconnu lira ces lignes et que ce soit un ami de plus. \u00ab\u00a0<\/em><\/h4>\n<p>Th. Vernet &#8211; journal intime 1957<\/p>\n","protected":false},"excerpt":{"rendered":"<p>\u00ab\u00a0Nous avons tous une histoire personnelle et Unique, et c&rsquo;est pourquoi nous sommes seuls \u00e0 trouver r\u00e9ponses \u00e0 nos questions. C&rsquo;est pourquoi je ne crois pas \u00e0 \u00ab\u00a0l&rsquo;Exp\u00e9rience\u00a0\u00bb, mais je crois \u00e0 l&rsquo;amour, \u00e0 l&rsquo;amiti\u00e9 et \u00e0 la fraternit\u00e9 avec &hellip; <a href=\"https:\/\/thierry-vernet.net\/?page_id=1160\">Continuer la lecture <span class=\"meta-nav\">&rarr;<\/span><\/a><\/p>\n","protected":false},"author":2,"featured_media":0,"parent":62,"menu_order":0,"comment_status":"closed","ping_status":"closed","template":"","meta":{"ngg_post_thumbnail":0,"footnotes":""},"class_list":["post-1160","page","type-page","status-publish","hentry"],"_links":{"self":[{"href":"https:\/\/thierry-vernet.net\/index.php?rest_route=\/wp\/v2\/pages\/1160","targetHints":{"allow":["GET"]}}],"collection":[{"href":"https:\/\/thierry-vernet.net\/index.php?rest_route=\/wp\/v2\/pages"}],"about":[{"href":"https:\/\/thierry-vernet.net\/index.php?rest_route=\/wp\/v2\/types\/page"}],"author":[{"embeddable":true,"href":"https:\/\/thierry-vernet.net\/index.php?rest_route=\/wp\/v2\/users\/2"}],"replies":[{"embeddable":true,"href":"https:\/\/thierry-vernet.net\/index.php?rest_route=%2Fwp%2Fv2%2Fcomments&post=1160"}],"version-history":[{"count":1,"href":"https:\/\/thierry-vernet.net\/index.php?rest_route=\/wp\/v2\/pages\/1160\/revisions"}],"predecessor-version":[{"id":1163,"href":"https:\/\/thierry-vernet.net\/index.php?rest_route=\/wp\/v2\/pages\/1160\/revisions\/1163"}],"up":[{"embeddable":true,"href":"https:\/\/thierry-vernet.net\/index.php?rest_route=\/wp\/v2\/pages\/62"}],"wp:attachment":[{"href":"https:\/\/thierry-vernet.net\/index.php?rest_route=%2Fwp%2Fv2%2Fmedia&parent=1160"}],"curies":[{"name":"wp","href":"https:\/\/api.w.org\/{rel}","templated":true}]}}