{"id":1164,"date":"2018-10-29T15:31:19","date_gmt":"2018-10-29T13:31:19","guid":{"rendered":"https:\/\/thierry-vernet.net\/?page_id=1164"},"modified":"2018-11-15T10:51:46","modified_gmt":"2018-11-15T08:51:46","slug":"josef-czapski","status":"publish","type":"page","link":"https:\/\/thierry-vernet.net\/?page_id=1164","title":{"rendered":"Josef Czapski"},"content":{"rendered":"<h4><em>\u00ab\u00a0Que pouvons-nous savoir sinon que la seule voie est la descente patiente, ind\u00e9pendante et d\u00e9sint\u00e9ress\u00e9e au sein de nos sensations ?\u00a0\u00bb <\/em><\/h4>\n<p>Josef Czapski<\/p>\n<p>Humaniste, artiste peintre, \u00e9crivain et essayiste, <a href=\"http:\/\/fr.wikipedia.org\/wiki\/J%C3%B3zef_Czapski\">Josef Czapski<\/a> est n\u00e9 \u00e0 Prague en 1896. Il passa son enfance en Bi\u00e9lorussie, puis fit des \u00e9tudes de droit \u00e0 Saint-P\u00e9tersbourg et de peinture \u00e0 l\u2019Acad\u00e9mie des Beaux-Arts \u00e0 Cracovie. Jusqu\u2019en 1939, alors chef de file de la peinture moderne en Pologne,&nbsp; J. Czapski peint, et expose avec les Kapistes, groupe dont C\u00e9zanne et Van Gogh sont les mod\u00e8les,&nbsp; ou individuellement.<\/p>\n<p>Mobilis\u00e9 par l\u2019arm\u00e9e polonaise, puis fait prisonnier par les sovi\u00e9tiques avec 15000 officiers, Czapski fut parmi les rares survivants&nbsp; du massacre de Katyn en 1940. C\u2019est en vain qu\u2019il enqu\u00eata par la suite sur la disparition de ses infortun\u00e9s camarades.<\/p>\n<p>Exil\u00e9 \u00e0 Paris jusqu\u2019\u00e0 sa mort, il v\u00e9cu une vie spartiate, \u00e0 la recherche de l\u2019humilit\u00e9, de la bont\u00e9 et de la v\u00e9rit\u00e9. Plus soucieux d\u2019\u00eatre que de para\u00eetre, il se consacra essentiellement \u00e0 la peinture.&nbsp;<\/p>\n<p>&nbsp;<em>\u00ab\u00a0Joseph Czapski a eu un destin qui aurait asservi m&rsquo;importe qui et dont il a fait lui-m\u00eame l&rsquo;instrument de sa propre libert\u00e9.\u00a0\u00bb<\/em><\/p>\n<p>Jeanne Hersch<\/p>\n<h5><img loading=\"lazy\" decoding=\"async\" class=\"alignnone wp-image-1166\" src=\"https:\/\/thierry-vernet.net\/wp-content\/uploads\/2018\/10\/czapski-nat.morte1988-239x300.jpg\" alt=\"\" height=\"251\" width=\"200\" srcset=\"https:\/\/thierry-vernet.net\/wp-content\/uploads\/2018\/10\/czapski-nat.morte1988-239x300.jpg 239w, https:\/\/thierry-vernet.net\/wp-content\/uploads\/2018\/10\/czapski-nat.morte1988-768x964.jpg 768w, https:\/\/thierry-vernet.net\/wp-content\/uploads\/2018\/10\/czapski-nat.morte1988-815x1024.jpg 815w, https:\/\/thierry-vernet.net\/wp-content\/uploads\/2018\/10\/czapski-nat.morte1988.jpg 1556w\" sizes=\"auto, (max-width: 200px) 100vw, 200px\" \/><\/h5>\n<h5>J. Czapski : nature morte<\/h5>\n<p>\u201c&#8230;J&rsquo;ai eu la joie, tout au long des ann\u00e9es, de pouvoir suivre la lente mont\u00e9e de l&rsquo;\u0153uvre de Thierry Vernet. Sa peinture na\u00eet du tr\u00e9fonds de son silence, contrairement \u00e0 celle de style Avida Dollars, objet de retentissement imm\u00e9diat. Certes il y a l&rsquo;Art et le commerce de l&rsquo;Art. Il n&rsquo;est pas nouveau que le second commande au premier, mais on peut craindre que ce qui \u00e9tait l&rsquo;exception ne devienne la r\u00e8gle, et que la destin\u00e9e dor\u00e9e des tournesols du fou et mis\u00e9rable van Gogh ne fasse tourner les t\u00eates. Un jeune peintre travaillant \u00e0 New York m&rsquo;\u00e9crit : \u00ab\u00a0les go\u00fbts se forment ici au travers de l&rsquo;argent; ce qui se vend cher est consid\u00e9r\u00e9 comme \u00e9tant bon. Les gens sont sans scrupules\u00a0\u00bb. Pour ma part, gr\u00e2ce \u00e0 un seul homme, ami de la peinture et des peintres, j&rsquo;ai pu traverser une longue p\u00e9riode de concentration dans mon travail&#8230;\u201d<\/p>\n<p>\u201cComment sauver la cr\u00e9ation du tohu-bohu de la foire sur la place ? Il s&rsquo;agit simplement de conserver une vue claire de la hi\u00e9rarchie des valeurs : on cr\u00e9e \u00e0 la frange de sa solitude.\u201d<\/p>\n<p>Josef Czapski<img loading=\"lazy\" decoding=\"async\" class=\"wp-image-1170 alignright\" src=\"https:\/\/thierry-vernet.net\/wp-content\/uploads\/2018\/10\/photo-csapski-00-217x300.jpg\" alt=\"\" height=\"235\" width=\"170\" srcset=\"https:\/\/thierry-vernet.net\/wp-content\/uploads\/2018\/10\/photo-csapski-00-217x300.jpg 217w, https:\/\/thierry-vernet.net\/wp-content\/uploads\/2018\/10\/photo-csapski-00-768x1063.jpg 768w, https:\/\/thierry-vernet.net\/wp-content\/uploads\/2018\/10\/photo-csapski-00-740x1024.jpg 740w, https:\/\/thierry-vernet.net\/wp-content\/uploads\/2018\/10\/photo-csapski-00.jpg 1678w\" sizes=\"auto, (max-width: 170px) 100vw, 170px\" \/><\/p>\n<h4><em>Josef est mort hier matin. Notre vieux commandeur, notre ange tut\u00e9laire, notre marabout, notre \u00e9chassier b\u00e9n\u00e9fique. Que dieu l\u2019accueil comme lui nous accueillait, en nous serrant dans ses bras si fort que nous avions chaque fois un peu peur pour nos vert\u00e8bres cervicales.<\/em><\/h4>\n<p>Th. Vernet&nbsp; 13 janvier 1993<\/p>\n<p><img loading=\"lazy\" decoding=\"async\" class=\"alignnone wp-image-1469\" src=\"https:\/\/thierry-vernet.net\/wp-content\/uploads\/2018\/11\/potrait-de-J.Czapski01-272x300.jpg\" alt=\"\" height=\"194\" width=\"176\" srcset=\"https:\/\/thierry-vernet.net\/wp-content\/uploads\/2018\/11\/potrait-de-J.Czapski01-272x300.jpg 272w, https:\/\/thierry-vernet.net\/wp-content\/uploads\/2018\/11\/potrait-de-J.Czapski01-768x847.jpg 768w, https:\/\/thierry-vernet.net\/wp-content\/uploads\/2018\/11\/potrait-de-J.Czapski01-928x1024.jpg 928w\" sizes=\"auto, (max-width: 176px) 100vw, 176px\" \/> <img loading=\"lazy\" decoding=\"async\" class=\"alignnone wp-image-1470\" src=\"https:\/\/thierry-vernet.net\/wp-content\/uploads\/2018\/11\/czapski01.jpg\" alt=\"\" height=\"194\" width=\"159\"><img loading=\"lazy\" decoding=\"async\" class=\"alignnone wp-image-1471\" src=\"https:\/\/thierry-vernet.net\/wp-content\/uploads\/2018\/11\/czapski02.jpg\" alt=\"\" height=\"194\" width=\"139\"><\/p>\n<h6>peinture : Fl. Stephani&nbsp;&nbsp; &#8211;&nbsp;&nbsp; dessins : Th. Vernet<\/h6>\n<p><strong>Josef Czapski et l&rsquo;\u00e9criture<\/strong><\/p>\nngg_shortcode_0_placeholder\n<p>Cliquez pour agrandir l&rsquo;image<\/p>\n","protected":false},"excerpt":{"rendered":"<p>\u00ab\u00a0Que pouvons-nous savoir sinon que la seule voie est la descente patiente, ind\u00e9pendante et d\u00e9sint\u00e9ress\u00e9e au sein de nos sensations ?\u00a0\u00bb Josef Czapski Humaniste, artiste peintre, \u00e9crivain et essayiste, Josef Czapski est n\u00e9 \u00e0 Prague en 1896. Il passa son &hellip; <a href=\"https:\/\/thierry-vernet.net\/?page_id=1164\">Continuer la lecture <span class=\"meta-nav\">&rarr;<\/span><\/a><\/p>\n","protected":false},"author":2,"featured_media":0,"parent":1160,"menu_order":0,"comment_status":"closed","ping_status":"closed","template":"","meta":{"ngg_post_thumbnail":0,"footnotes":""},"class_list":["post-1164","page","type-page","status-publish","hentry"],"_links":{"self":[{"href":"https:\/\/thierry-vernet.net\/index.php?rest_route=\/wp\/v2\/pages\/1164","targetHints":{"allow":["GET"]}}],"collection":[{"href":"https:\/\/thierry-vernet.net\/index.php?rest_route=\/wp\/v2\/pages"}],"about":[{"href":"https:\/\/thierry-vernet.net\/index.php?rest_route=\/wp\/v2\/types\/page"}],"author":[{"embeddable":true,"href":"https:\/\/thierry-vernet.net\/index.php?rest_route=\/wp\/v2\/users\/2"}],"replies":[{"embeddable":true,"href":"https:\/\/thierry-vernet.net\/index.php?rest_route=%2Fwp%2Fv2%2Fcomments&post=1164"}],"version-history":[{"count":6,"href":"https:\/\/thierry-vernet.net\/index.php?rest_route=\/wp\/v2\/pages\/1164\/revisions"}],"predecessor-version":[{"id":1473,"href":"https:\/\/thierry-vernet.net\/index.php?rest_route=\/wp\/v2\/pages\/1164\/revisions\/1473"}],"up":[{"embeddable":true,"href":"https:\/\/thierry-vernet.net\/index.php?rest_route=\/wp\/v2\/pages\/1160"}],"wp:attachment":[{"href":"https:\/\/thierry-vernet.net\/index.php?rest_route=%2Fwp%2Fv2%2Fmedia&parent=1164"}],"curies":[{"name":"wp","href":"https:\/\/api.w.org\/{rel}","templated":true}]}}