{"id":122,"date":"2018-07-01T16:01:50","date_gmt":"2018-07-01T14:01:50","guid":{"rendered":"https:\/\/thierry-vernet.net\/?page_id=122"},"modified":"2019-12-13T11:05:23","modified_gmt":"2019-12-13T09:05:23","slug":"galerie-vernet","status":"publish","type":"page","link":"https:\/\/thierry-vernet.net\/?page_id=122","title":{"rendered":"Galeries Th. Vernet"},"content":{"rendered":"<p>Cliquez sur l&rsquo;image pour agrandir<\/p>\n<p><strong>Le veil homme et la mer<\/strong><\/p>\n<p>ngg_shortcode_0_placeholder<strong>Natures mortes<br \/>\n<\/strong><\/p>\n<p>ngg_shortcode_1_placeholder<strong>Java<\/strong><\/p>\n<p>ngg_shortcode_2_placeholder<strong>Dessiner un homme<br \/>\n<\/strong><\/p>\n<p>ngg_shortcode_3_placeholder<strong>Paris<\/strong><\/p>\n<p>ngg_shortcode_4_placeholder<strong>Int\u00e9rieurs<\/strong><\/p>\n<p>ngg_shortcode_5_placeholder<strong>Portraits<\/strong><\/p>\n<p>&nbsp;<\/p>\n<p>ngg_shortcode_6_placeholder<strong>Paysages<\/strong><\/p>\n<p>ngg_shortcode_7_placeholderLes oeuvres de Thierry Vernet et Floristella Stephani qui ne sont pas propri\u00e9t\u00e9s priv\u00e9es, sont d\u00e9pos\u00e9es \u00e0 la :<\/p>\n<p><strong>Galerie Plexus \u00e0 Chexbres Vaud Switzerland<\/strong><\/p>\n<p>contact : R. Aeschlimann&nbsp; &#8211; artplexus@bluewin.ch<\/p>\n<p>&nbsp;<\/p>\n","protected":false},"excerpt":{"rendered":"<p>Cliquez sur l&rsquo;image pour agrandir Le veil homme et la mer Natures mortes Java Dessiner un homme Paris Int\u00e9rieurs Portraits &nbsp; Paysages Les oeuvres de Thierry Vernet et Floristella Stephani qui ne sont pas propri\u00e9t\u00e9s priv\u00e9es, sont d\u00e9pos\u00e9es \u00e0 la &hellip; <a href=\"https:\/\/thierry-vernet.net\/?page_id=122\">Continuer la lecture <span class=\"meta-nav\">&rarr;<\/span><\/a><\/p>\n","protected":false},"author":2,"featured_media":0,"parent":62,"menu_order":0,"comment_status":"closed","ping_status":"closed","template":"","meta":{"ngg_post_thumbnail":0,"footnotes":""},"class_list":["post-122","page","type-page","status-publish","hentry"],"_links":{"self":[{"href":"https:\/\/thierry-vernet.net\/index.php?rest_route=\/wp\/v2\/pages\/122","targetHints":{"allow":["GET"]}}],"collection":[{"href":"https:\/\/thierry-vernet.net\/index.php?rest_route=\/wp\/v2\/pages"}],"about":[{"href":"https:\/\/thierry-vernet.net\/index.php?rest_route=\/wp\/v2\/types\/page"}],"author":[{"embeddable":true,"href":"https:\/\/thierry-vernet.net\/index.php?rest_route=\/wp\/v2\/users\/2"}],"replies":[{"embeddable":true,"href":"https:\/\/thierry-vernet.net\/index.php?rest_route=%2Fwp%2Fv2%2Fcomments&post=122"}],"version-history":[{"count":28,"href":"https:\/\/thierry-vernet.net\/index.php?rest_route=\/wp\/v2\/pages\/122\/revisions"}],"predecessor-version":[{"id":1673,"href":"https:\/\/thierry-vernet.net\/index.php?rest_route=\/wp\/v2\/pages\/122\/revisions\/1673"}],"up":[{"embeddable":true,"href":"https:\/\/thierry-vernet.net\/index.php?rest_route=\/wp\/v2\/pages\/62"}],"wp:attachment":[{"href":"https:\/\/thierry-vernet.net\/index.php?rest_route=%2Fwp%2Fv2%2Fmedia&parent=122"}],"curies":[{"name":"wp","href":"https:\/\/api.w.org\/{rel}","templated":true}]}}