{"id":124,"date":"2018-07-01T16:17:57","date_gmt":"2018-07-01T14:17:57","guid":{"rendered":"https:\/\/thierry-vernet.net\/?page_id=124"},"modified":"2018-11-15T09:59:26","modified_gmt":"2018-11-15T07:59:26","slug":"biographie-2","status":"publish","type":"page","link":"https:\/\/thierry-vernet.net\/?page_id=124","title":{"rendered":"Biographie Floristella Stephani"},"content":{"rendered":"<p><img loading=\"lazy\" decoding=\"async\" class=\"alignnone wp-image-1150\" src=\"https:\/\/thierry-vernet.net\/wp-content\/uploads\/2018\/10\/lAristella-01-300x210.jpg\" alt=\"\" height=\"169\" width=\"241\" srcset=\"https:\/\/thierry-vernet.net\/wp-content\/uploads\/2018\/10\/lAristella-01-300x210.jpg 300w, https:\/\/thierry-vernet.net\/wp-content\/uploads\/2018\/10\/lAristella-01-768x537.jpg 768w, https:\/\/thierry-vernet.net\/wp-content\/uploads\/2018\/10\/lAristella-01-1024x717.jpg 1024w, https:\/\/thierry-vernet.net\/wp-content\/uploads\/2018\/10\/lAristella-01.jpg 1905w\" sizes=\"auto, (max-width: 241px) 100vw, 241px\" \/> <img loading=\"lazy\" decoding=\"async\" class=\"alignnone wp-image-1147\" src=\"https:\/\/thierry-vernet.net\/wp-content\/uploads\/2018\/10\/flori-enfant-300x239.jpg\" alt=\"\" height=\"168\" width=\"211\" srcset=\"https:\/\/thierry-vernet.net\/wp-content\/uploads\/2018\/10\/flori-enfant-300x239.jpg 300w, https:\/\/thierry-vernet.net\/wp-content\/uploads\/2018\/10\/flori-enfant.jpg 530w\" sizes=\"auto, (max-width: 211px) 100vw, 211px\" \/><\/p>\n<h6>La maison \u00e0 Montana et Floristella enfant<\/h6>\n<p>&nbsp;<\/p>\n<p>Fille de m\u00e9decin genevois, elle est n\u00e9e le<strong> 26 octobre 1930<\/strong> \u00e0 Montana (Valais). Suisse.<\/p>\n<h4>1948 &#8211; 1953<\/h4>\n<p>A 18 ans, elle travaille dans l&rsquo;atelier du peintre Carlo Cotti \u00e0 Lugano ( Suisse ).<\/p>\n<p>Ecole des Beaux-Arts \u00e0 Gen\u00e8ve<\/p>\n<p>&nbsp;<img loading=\"lazy\" decoding=\"async\" class=\"alignnone size-medium wp-image-1148\" src=\"https:\/\/thierry-vernet.net\/wp-content\/uploads\/2018\/10\/flori-et-floristella-185x300.jpg\" alt=\"\" height=\"300\" width=\"185\" srcset=\"https:\/\/thierry-vernet.net\/wp-content\/uploads\/2018\/10\/flori-et-floristella-185x300.jpg 185w, https:\/\/thierry-vernet.net\/wp-content\/uploads\/2018\/10\/flori-et-floristella-768x1244.jpg 768w, https:\/\/thierry-vernet.net\/wp-content\/uploads\/2018\/10\/flori-et-floristella-632x1024.jpg 632w, https:\/\/thierry-vernet.net\/wp-content\/uploads\/2018\/10\/flori-et-floristella.jpg 940w\" sizes=\"auto, (max-width: 185px) 100vw, 185px\" \/> <img loading=\"lazy\" decoding=\"async\" class=\"alignnone wp-image-1145\" src=\"https:\/\/thierry-vernet.net\/wp-content\/uploads\/2018\/10\/famille-stephani-300x213.jpg\" alt=\"\" height=\"190\" width=\"268\" srcset=\"https:\/\/thierry-vernet.net\/wp-content\/uploads\/2018\/10\/famille-stephani-300x213.jpg 300w, https:\/\/thierry-vernet.net\/wp-content\/uploads\/2018\/10\/famille-stephani-768x545.jpg 768w, https:\/\/thierry-vernet.net\/wp-content\/uploads\/2018\/10\/famille-stephani-1024x726.jpg 1024w, https:\/\/thierry-vernet.net\/wp-content\/uploads\/2018\/10\/famille-stephani.jpg 1190w\" sizes=\"auto, (max-width: 268px) 100vw, 268px\" \/><\/p>\n<h6>Avec sa m\u00e8re et sa famille<\/h6>\n<p><img loading=\"lazy\" decoding=\"async\" class=\"alignnone wp-image-1146\" src=\"https:\/\/thierry-vernet.net\/wp-content\/uploads\/2018\/10\/Flori-beaux-arts-52-300x207.jpg\" alt=\"\" height=\"200\" width=\"290\" srcset=\"https:\/\/thierry-vernet.net\/wp-content\/uploads\/2018\/10\/Flori-beaux-arts-52-300x207.jpg 300w, https:\/\/thierry-vernet.net\/wp-content\/uploads\/2018\/10\/Flori-beaux-arts-52-768x530.jpg 768w, https:\/\/thierry-vernet.net\/wp-content\/uploads\/2018\/10\/Flori-beaux-arts-52-1024x707.jpg 1024w, https:\/\/thierry-vernet.net\/wp-content\/uploads\/2018\/10\/Flori-beaux-arts-52.jpg 1337w\" sizes=\"auto, (max-width: 290px) 100vw, 290px\" \/><\/p>\n<h4>1953 &#8211; 1954<\/h4>\n<p>Travaille dans l&rsquo;atelier du graveur J. Friedlaender, \u00e0 Paris<\/p>\n<h4>1954<\/h4>\n<p>Exposition de gravures et dessin, \u00e0 la Galerie Motte \u00e0 Gen\u00e8ve<\/p>\n<h4>1954 -1955<\/h4>\n<p>Voyage \u00e0 Ceylan (Sri-Lanka) et mariage avec le peintre Thierry Vernet. Exposition avec Thierry&nbsp; de peintures et dessins \u00e0 Colombo<\/p>\n<h4>1955 &#8211; 1956<\/h4>\n<p>en Suisse, prix Calame, Lissignol et une Bourse F\u00e9d\u00e9rale<\/p>\n<h4>Mars 1958<\/h4>\n<p>Installation \u00e0 Paris rue Cadet puis 54 Rue des Envierges dans le XX\u00e8me. Expositions particuli\u00e8res \u00e0 Paris en 1961 &#8211; 1963 &#8211; 1987<\/p>\n<h4>1964<\/h4>\n<p>Exposition \u00e0 Londres avec le peintre Joseph Czapski (1896-1993) \u00e0 la Grabowski Gallery<\/p>\n<h4>1967<\/h4>\n<p>Exposition avec Thierry Vernet \u00e0 la Galerie Plexus, \u00e0 Chexbres, en Suisse<\/p>\n<p><img loading=\"lazy\" decoding=\"async\" class=\"alignnone wp-image-1157\" src=\"https:\/\/thierry-vernet.net\/wp-content\/uploads\/2018\/10\/floristella-avec-un-chat-300x210.jpg\" alt=\"\" height=\"164\" width=\"234\" srcset=\"https:\/\/thierry-vernet.net\/wp-content\/uploads\/2018\/10\/floristella-avec-un-chat-300x210.jpg 300w, https:\/\/thierry-vernet.net\/wp-content\/uploads\/2018\/10\/floristella-avec-un-chat-768x537.jpg 768w, https:\/\/thierry-vernet.net\/wp-content\/uploads\/2018\/10\/floristella-avec-un-chat-1024x715.jpg 1024w, https:\/\/thierry-vernet.net\/wp-content\/uploads\/2018\/10\/floristella-avec-un-chat.jpg 1085w\" sizes=\"auto, (max-width: 234px) 100vw, 234px\" \/><img loading=\"lazy\" decoding=\"async\" class=\"alignnone wp-image-1154\" src=\"https:\/\/thierry-vernet.net\/wp-content\/uploads\/2018\/10\/Floristela-restaure-Sophie_lehmann107-300x223.jpg\" alt=\"\" height=\"180\" width=\"242\" srcset=\"https:\/\/thierry-vernet.net\/wp-content\/uploads\/2018\/10\/Floristela-restaure-Sophie_lehmann107-300x223.jpg 300w, https:\/\/thierry-vernet.net\/wp-content\/uploads\/2018\/10\/Floristela-restaure-Sophie_lehmann107-768x572.jpg 768w, https:\/\/thierry-vernet.net\/wp-content\/uploads\/2018\/10\/Floristela-restaure-Sophie_lehmann107-1024x762.jpg 1024w, https:\/\/thierry-vernet.net\/wp-content\/uploads\/2018\/10\/Floristela-restaure-Sophie_lehmann107.jpg 1717w\" sizes=\"auto, (max-width: 242px) 100vw, 242px\" \/><\/p>\n<h4>De 1971 \u00e0 1990<\/h4>\n<p>19 ans de restauration de tableaux, 2 ans d&rsquo;apprentissage dans l&rsquo;atelier de J. D. Mar\u00e9chal, restaurateur des Mus\u00e9es de France.<\/p>\n<p>Expositions particuli\u00e8res \u00e0 la Galerie Plexus en 1982 &#8211; 1988 &#8211; 1997<\/p>\n<h4>1993<\/h4>\n<p>Au d\u00e9c\u00e8s de Thierry, se consacre \u00e0 son \u0153uvre.<\/p>\n<h4>Et\u00e9 2006<\/h4>\n<p>Pour des raisons de sant\u00e9, elle quitte son appartement pour une maison de retraite.<\/p>\n<h4>Janvier 2007<\/h4>\n<p>Sortie du livre \u00ab <em>peindre, \u00e9crire, chemin faisant<\/em>&nbsp;\u00bb lettres de Thierry Vernet \u00e9dit\u00e9 \u00e0 l&rsquo; Age d&rsquo;Homme.<\/p>\n<p>D\u00e9c\u00e8de le 25 juin 2007. Elle est inhum\u00e9e au cimeti\u00e8re parisien de Pantin, aupr\u00e8s de son \u00e9poux Th. Vernet.<\/p>\n<p><img loading=\"lazy\" decoding=\"async\" class=\"alignnone size-medium wp-image-1155\" src=\"https:\/\/thierry-vernet.net\/wp-content\/uploads\/2018\/10\/Floristella00-158x300.jpg\" alt=\"\" height=\"300\" width=\"158\" srcset=\"https:\/\/thierry-vernet.net\/wp-content\/uploads\/2018\/10\/Floristella00-158x300.jpg 158w, https:\/\/thierry-vernet.net\/wp-content\/uploads\/2018\/10\/Floristella00.jpg 528w\" sizes=\"auto, (max-width: 158px) 100vw, 158px\" \/> <img loading=\"lazy\" decoding=\"async\" class=\"size-medium wp-image-1149 alignright\" src=\"https:\/\/thierry-vernet.net\/wp-content\/uploads\/2018\/10\/floristella-135x300.jpg\" alt=\"\" height=\"300\" width=\"135\" srcset=\"https:\/\/thierry-vernet.net\/wp-content\/uploads\/2018\/10\/floristella-135x300.jpg 135w, https:\/\/thierry-vernet.net\/wp-content\/uploads\/2018\/10\/floristella-461x1024.jpg 461w, https:\/\/thierry-vernet.net\/wp-content\/uploads\/2018\/10\/floristella.jpg 561w\" sizes=\"auto, (max-width: 135px) 100vw, 135px\" \/><\/p>\n<p>&nbsp;<\/p>\n","protected":false},"excerpt":{"rendered":"<p>La maison \u00e0 Montana et Floristella enfant &nbsp; Fille de m\u00e9decin genevois, elle est n\u00e9e le 26 octobre 1930 \u00e0 Montana (Valais). Suisse. 1948 &#8211; 1953 A 18 ans, elle travaille dans l&rsquo;atelier du peintre Carlo Cotti \u00e0 Lugano ( &hellip; <a href=\"https:\/\/thierry-vernet.net\/?page_id=124\">Continuer la lecture <span class=\"meta-nav\">&rarr;<\/span><\/a><\/p>\n","protected":false},"author":2,"featured_media":0,"parent":0,"menu_order":0,"comment_status":"closed","ping_status":"closed","template":"","meta":{"ngg_post_thumbnail":0,"footnotes":""},"class_list":["post-124","page","type-page","status-publish","hentry"],"_links":{"self":[{"href":"https:\/\/thierry-vernet.net\/index.php?rest_route=\/wp\/v2\/pages\/124","targetHints":{"allow":["GET"]}}],"collection":[{"href":"https:\/\/thierry-vernet.net\/index.php?rest_route=\/wp\/v2\/pages"}],"about":[{"href":"https:\/\/thierry-vernet.net\/index.php?rest_route=\/wp\/v2\/types\/page"}],"author":[{"embeddable":true,"href":"https:\/\/thierry-vernet.net\/index.php?rest_route=\/wp\/v2\/users\/2"}],"replies":[{"embeddable":true,"href":"https:\/\/thierry-vernet.net\/index.php?rest_route=%2Fwp%2Fv2%2Fcomments&post=124"}],"version-history":[{"count":17,"href":"https:\/\/thierry-vernet.net\/index.php?rest_route=\/wp\/v2\/pages\/124\/revisions"}],"predecessor-version":[{"id":1431,"href":"https:\/\/thierry-vernet.net\/index.php?rest_route=\/wp\/v2\/pages\/124\/revisions\/1431"}],"wp:attachment":[{"href":"https:\/\/thierry-vernet.net\/index.php?rest_route=%2Fwp%2Fv2%2Fmedia&parent=124"}],"curies":[{"name":"wp","href":"https:\/\/api.w.org\/{rel}","templated":true}]}}