{"id":1309,"date":"2018-11-05T10:34:38","date_gmt":"2018-11-05T08:34:38","guid":{"rendered":"https:\/\/thierry-vernet.net\/?page_id=1309"},"modified":"2019-08-15T20:02:07","modified_gmt":"2019-08-15T18:02:07","slug":"nicolas-bouvier-thierry-vernet-une-amitie-de-50-an","status":"publish","type":"page","link":"https:\/\/thierry-vernet.net\/?page_id=1309","title":{"rendered":"Nicolas Bouvier \u2013 Thierry Vernet, une amiti\u00e9 de 50 ans"},"content":{"rendered":"<p>Il n\u2019y a pas de hasard. Nous devions nous rencontrer. Cet homme est rest\u00e9 mon interlocuteur le plus proche. Nous avons fait ces vingt mois de voyage sans une dispute. Ensuite, j\u2019ai suivi son travail de peintre tr\u00e8s attentivement, dans toutes les phases par lesquelles il est pass\u00e9 pour arriver aujourd\u2019hui \u00e0 une peinture que je trouve splendide. Il y a toujours eu une connivence de fabricateurs entre nous. S\u2019il me fait une remarque sur un texte, j\u2019en tiens aussit\u00f4t compte. Son jugement a pour moi une extr\u00eame importance. Le c\u00f4t\u00e9 jubilatoire de L\u2019Usage du monde tient en partie de cette bonne entente.<\/p>\n<h5>Nicolas Bouvier dans Routes et d\u00e9routes<\/h5>\n<p>Je signale que ce d\u00e9but de septembre marque le cinquanti\u00e8me anniversaire de notre rencontre dans le pr\u00e9au du Coll\u00e8ge, c\u00f4t\u00e9 salle de gym, boulevard des Casemates. Comme si c&rsquo;\u00e9tait hier&#8230; Tu \u00e9tais beau, sans acn\u00e9, blond boucl\u00e9 et si joliment muscl\u00e9&#8230; Tu avais d\u00e9j\u00e0 les qualit\u00e9s et les talents qui s&rsquo;\u00e9panouiront brillamment. Et puis je t&rsquo;aimais \u00ab\u00a0parce que\u00a0\u00bb. Un point c&rsquo;est tout.<\/p>\n<p>Et c&rsquo;est toujours le cas, \u00ab\u00a0parce que\u00a0\u00bb un point c&rsquo;est tout. Je crois que toute existence n\u00e9cessite un compagnon, un t\u00e9moin de ses actions, bref un ami. Je remercie le ciel que ce soit toi. \u00bb<\/p>\n<h5>Extrait d\u2019une lettre de N. Bouvier \u00e0 Th. Vernet<\/h5>\n<p><img loading=\"lazy\" decoding=\"async\" class=\"alignnone wp-image-1312\" src=\"https:\/\/thierry-vernet.net\/wp-content\/uploads\/2018\/11\/P1020736-208x300.jpg\" alt=\"\" width=\"175\" height=\"252\" srcset=\"https:\/\/thierry-vernet.net\/wp-content\/uploads\/2018\/11\/P1020736-208x300.jpg 208w, https:\/\/thierry-vernet.net\/wp-content\/uploads\/2018\/11\/P1020736-768x1105.jpg 768w, https:\/\/thierry-vernet.net\/wp-content\/uploads\/2018\/11\/P1020736-711x1024.jpg 711w, https:\/\/thierry-vernet.net\/wp-content\/uploads\/2018\/11\/P1020736.jpg 1395w\" sizes=\"auto, (max-width: 175px) 100vw, 175px\" \/><\/p>\n<p>Correspondance des routes crois\u00e9es&nbsp;\u2026 s\u2019arr\u00eate en 1964, soit l\u2019ann\u00e9e de parution en France de l\u2019Usage du monde. Ces milliers de lettres mettent en mots une amiti\u00e9 exceptionnelle, de celles qui se tiennent toutes seules face \u00e0 l\u2019histoire du monde.<\/p>\n<p>\u2026Pas une seule de ces lettres qui ne soient toute d\u2019attention, de soutien, de foi dans la vocation de l\u2019autre, dans ce qu\u2019est l\u2019autre dans son essence.<\/p>\n<h5>Extrait de&nbsp;: lettre \u00e0 l\u2019ami par Lisbeth Koutchoumoff. Article paru dans Le Temps 16.10.2010<\/h5>\n<p><img loading=\"lazy\" decoding=\"async\" class=\"alignnone wp-image-1315\" src=\"https:\/\/thierry-vernet.net\/wp-content\/uploads\/2018\/11\/Thierry-et-Floristella-Nicolas-Eliane-hiver-58-300x185.jpg\" alt=\"\" width=\"329\" height=\"203\" srcset=\"https:\/\/thierry-vernet.net\/wp-content\/uploads\/2018\/11\/Thierry-et-Floristella-Nicolas-Eliane-hiver-58-300x185.jpg 300w, https:\/\/thierry-vernet.net\/wp-content\/uploads\/2018\/11\/Thierry-et-Floristella-Nicolas-Eliane-hiver-58-768x472.jpg 768w, https:\/\/thierry-vernet.net\/wp-content\/uploads\/2018\/11\/Thierry-et-Floristella-Nicolas-Eliane-hiver-58-1024x630.jpg 1024w, https:\/\/thierry-vernet.net\/wp-content\/uploads\/2018\/11\/Thierry-et-Floristella-Nicolas-Eliane-hiver-58.jpg 1772w\" sizes=\"auto, (max-width: 329px) 100vw, 329px\" \/><\/p>\n<h6>Thierry-et-Floristella-Nicolas-Eliane-hiver-58<\/h6>\n<p>Je redoutais un peu ma rencontre avec Thierry. Je me demandais si je n\u2019allais pas devoir passer un examen de passage. Nicolas m\u2019avais parl\u00e9 de Thierry en disant, \u00ab&nbsp; c\u2019est l\u2019autre moiti\u00e9 de ma pomme&nbsp;\u00bb. Thierry \u00e9tait d\u00e9j\u00e0 en couple avec Floristella. Je craignais d\u2019\u00eatre la quatri\u00e8me roue du char. En fait j\u2019ai \u00e9t\u00e9 accueillie \u00e0 bras ouverts et aussit\u00f4t accept\u00e9e.<\/p>\n<h5>Extrait d\u2019un interview d\u2019Eliane Bouvier, \u00e9pouse de Nicolas. \u00ab&nbsp;Des vies partag\u00e9es&nbsp;\u00bb. L.K. Le Temps 16.10.2010<\/h5>\n<p><img loading=\"lazy\" decoding=\"async\" class=\"size-medium wp-image-1313 alignright\" src=\"https:\/\/thierry-vernet.net\/wp-content\/uploads\/2018\/11\/livre03-196x300.jpg\" alt=\"\" width=\"196\" height=\"300\" srcset=\"https:\/\/thierry-vernet.net\/wp-content\/uploads\/2018\/11\/livre03-196x300.jpg 196w, https:\/\/thierry-vernet.net\/wp-content\/uploads\/2018\/11\/livre03.jpg 347w\" sizes=\"auto, (max-width: 196px) 100vw, 196px\" \/><\/p>\n<p>Entrons dans l&rsquo;atelier de \u00ab l&rsquo;usage du monde \u00bb. Nicolas Bouvier et Thierry Vernet vont vivre ensemble seize mois sur la route de l&rsquo;Orient, exister chaque jour sous le regard de l&rsquo;autre &#8211; jouir r\u00e9ciproquement de leur vraie image, aurait dit Montaigne. \u00catre le miroir vivant de l&rsquo;autre, cela suppose une amiti\u00e9 sans failles. Elle le fut. Chacun dans sa partie, mais tous deux aussi indissociables que des siamois, travaillant au livre du monde qu&rsquo;ils r\u00eavent de composer \u00e0 quatre mains, une \u0153uvre totale qu&rsquo;ils pr\u00e9parent d&rsquo;abord en la vivant, nourrie par le voyage et le nourrissant en retour\u2026&nbsp;<\/p>\n<h5>Fran\u00e7ois Laut \u2013 Nicolas Bouvier \u2013 l\u2019\u0153il qui \u00e9crit. Ed. Payot<\/h5>\n<p>&nbsp;<\/p>\n<p><strong>Nicolas Bouvier \u00e0 Thierry Vernet dans les ent\u00eates de leur correspondance :<\/strong><\/p>\n<p>Bon vieux rabouin \u2013 Cher vieux cheval de course &#8211; Bon vieux sapin \u2013 Cher vieux con \u2013 Grand Mack \u2013 Gros p\u00e8re \u2013 Bon cher vieux bon \u2013 Bonne cloche \u2013 Vieux p\u00e9riscope \u2013 Crabouille \u2013 Bon vieux cul, bonne Kiboue \u2013 Vieux pipeau \u2013 Vieux sucre \u2013 Bonne vieille rave<\/p>\n<p><strong>Thierry Vernet \u00e0 Nicolas Bouvier dans les ent\u00eates de leur correspondance :<\/strong><\/p>\n<p>Vieux zigue \u2013 Bon vieux fr\u00e8re \u2013 Old sun &#8211; Vieux z\u00e8bre, vieux z\u00e9bu \u2013 Bonne couille \u2013 Vieux Nick \u2013 Mon vieux frangin \u2013 Ma vieille truite \u2013 Vieux k\u00fctch\u00fcl\u00fck \u2013 Vieux pifflet &#8211;&nbsp; Vieille varlope \u2013 Vieux samoura\u00ef \u2013 Vieux frangeton \u2013 Vieux tournesol \u2013 Mon bon vieux h\u00e9risson&nbsp;!<\/p>\n<p><img loading=\"lazy\" decoding=\"async\" class=\"alignnone size-medium wp-image-1317\" src=\"https:\/\/thierry-vernet.net\/wp-content\/uploads\/2018\/11\/Nicolas-et-Thierry-en-Thessalonique-1953.tif\" alt=\"\" width=\"1\" height=\"1\"> <img loading=\"lazy\" decoding=\"async\" class=\"alignnone size-medium wp-image-1318\" src=\"https:\/\/thierry-vernet.net\/wp-content\/uploads\/2018\/11\/Nicolas-et-Thierry-en-Thessalonique-1953-300x206.jpg\" alt=\"\" width=\"300\" height=\"206\" srcset=\"https:\/\/thierry-vernet.net\/wp-content\/uploads\/2018\/11\/Nicolas-et-Thierry-en-Thessalonique-1953-300x206.jpg 300w, https:\/\/thierry-vernet.net\/wp-content\/uploads\/2018\/11\/Nicolas-et-Thierry-en-Thessalonique-1953-768x528.jpg 768w, https:\/\/thierry-vernet.net\/wp-content\/uploads\/2018\/11\/Nicolas-et-Thierry-en-Thessalonique-1953.jpg 1010w\" sizes=\"auto, (max-width: 300px) 100vw, 300px\" \/><\/p>\n<h6>Nicolas B. et Thierry Vernet en Tessalonique \u00e9t\u00e9 1953<\/h6>\n<p>C\u2019\u00e9tait hier l\u2019anniversaire du probablement plus beau jour de ma vie*. On a pens\u00e9 \u00e0 toi. C\u2019\u00e9tait inou\u00ef il y a un an. Sans toi \u00e7a n\u2019aurait pas \u00e9t\u00e9 ce que \u00e7a a \u00e9t\u00e9. Et le soleil. Le nom de <em>best man<\/em> t\u2019est absolument adapt\u00e9.<\/p>\n<h5>Extrait d\u2019une lettre de Thierry \u00e0 Nicolas du 17 mars 1956<\/h5>\n<h5>* un an auparavant, le 16 mars 1955, Thierry et Floristella se sont mari\u00e9s \u00e0 Ceylan<\/h5>\nngg_shortcode_0_placeholder\n<h5><strong>Images : Nicolas Bouvier &#8211; collections priv\u00e9es<\/strong><\/h5>\n<p>&nbsp;Au d\u00e9c\u00e8s de Thierry Vernet&nbsp; le 1er octobre 1993 \u00e0 Paris : \u00ab D\u00e9sormais et pour une ann\u00e9e j&rsquo;\u00e9crirai pour toi. Des textes qui vont te faire marrer dans ta tombe. \u00bb note Nicolas Bouvier.<\/p>\n","protected":false},"excerpt":{"rendered":"<p>Il n\u2019y a pas de hasard. Nous devions nous rencontrer. Cet homme est rest\u00e9 mon interlocuteur le plus proche. Nous avons fait ces vingt mois de voyage sans une dispute. Ensuite, j\u2019ai suivi son travail de peintre tr\u00e8s attentivement, dans &hellip; <a href=\"https:\/\/thierry-vernet.net\/?page_id=1309\">Continuer la lecture <span class=\"meta-nav\">&rarr;<\/span><\/a><\/p>\n","protected":false},"author":2,"featured_media":0,"parent":1160,"menu_order":0,"comment_status":"closed","ping_status":"closed","template":"","meta":{"ngg_post_thumbnail":0,"footnotes":""},"class_list":["post-1309","page","type-page","status-publish","hentry"],"_links":{"self":[{"href":"https:\/\/thierry-vernet.net\/index.php?rest_route=\/wp\/v2\/pages\/1309","targetHints":{"allow":["GET"]}}],"collection":[{"href":"https:\/\/thierry-vernet.net\/index.php?rest_route=\/wp\/v2\/pages"}],"about":[{"href":"https:\/\/thierry-vernet.net\/index.php?rest_route=\/wp\/v2\/types\/page"}],"author":[{"embeddable":true,"href":"https:\/\/thierry-vernet.net\/index.php?rest_route=\/wp\/v2\/users\/2"}],"replies":[{"embeddable":true,"href":"https:\/\/thierry-vernet.net\/index.php?rest_route=%2Fwp%2Fv2%2Fcomments&post=1309"}],"version-history":[{"count":10,"href":"https:\/\/thierry-vernet.net\/index.php?rest_route=\/wp\/v2\/pages\/1309\/revisions"}],"predecessor-version":[{"id":1617,"href":"https:\/\/thierry-vernet.net\/index.php?rest_route=\/wp\/v2\/pages\/1309\/revisions\/1617"}],"up":[{"embeddable":true,"href":"https:\/\/thierry-vernet.net\/index.php?rest_route=\/wp\/v2\/pages\/1160"}],"wp:attachment":[{"href":"https:\/\/thierry-vernet.net\/index.php?rest_route=%2Fwp%2Fv2%2Fmedia&parent=1309"}],"curies":[{"name":"wp","href":"https:\/\/api.w.org\/{rel}","templated":true}]}}