{"id":158,"date":"2018-07-03T22:10:32","date_gmt":"2018-07-03T20:10:32","guid":{"rendered":"https:\/\/thierry-vernet.net\/?page_id=158"},"modified":"2024-05-16T08:55:39","modified_gmt":"2024-05-16T06:55:39","slug":"theatre","status":"publish","type":"page","link":"https:\/\/thierry-vernet.net\/?page_id=158","title":{"rendered":"Voyages"},"content":{"rendered":"<p><em>\u00a0\u00bb Un voyage se passe de motifs. Il ne tarde pas \u00e0 prouver qu&rsquo;il se suffit \u00e0 lui-m\u00eame. On croit qu&rsquo;on va faire un voyage, mais bient\u00f4t c&rsquo;est le voyage qui vous fait, ou vous d\u00e9fait.\u00a0\u00bb<\/em><\/p>\n<p>Nicolas Bouvier &#8211; L&rsquo;usage du monde<\/p>\n<p>En 1950, Thierry Vernet et Nicolas Bouvier se rendent en Alg\u00e9rie. Ils sont \u00e2g\u00e9s de 23 et 21 ans. Une sorte de pr\u00e9paratif au grand voyage qui les m\u00e8nera en Orient. Le quotidien \u00ab\u00a0Le Courrier\u00a0\u00bb publiera le r\u00e9cit de ce voyage illustr\u00e9 par les dessins de T. Vernet.<\/p>\n<p>Puis en 1953, c&rsquo;est le d\u00e9part pour la grande aventure&nbsp; sur les routes du Moyen-Orient et de l&rsquo;Asie avec une petite voiture \u00ab\u00a0Topolino\u00a0\u00bb. N. Bouvier a racont\u00e9 ce P\u00e9riple dans \u00ab\u00a0l&rsquo;Usage du monde\u00a0\u00bb. Th. Vernet de son c\u00f4t\u00e9, a \u00e9crit \u00e0 ses proches des milliers de lettres publi\u00e9es r\u00e9cemment, sous le titre : \u00ab\u00a0Peindre, \u00e9crire chemin faisant\u00a0\u00bb.<\/p>\n<p><em>&#8211; Viendras-tu avec moi aux Indes ?<\/em><\/p>\n<p><em>&#8211; Et comment que je suis d&rsquo;accord ! r\u00e9pond Thierry. Tout de suite si tu veux.<\/em><\/p>\n<p>Extrait de \u00ab\u00a0l&rsquo;oeil qui \u00e9crit\u00a0\u00bb , biographie de N. Bouvier par Fran\u00e7ois Laut<\/p>\n<p><img loading=\"lazy\" decoding=\"async\" class=\"wp-image-1068 alignleft\" src=\"https:\/\/thierry-vernet.net\/wp-content\/uploads\/2018\/10\/Rt.-de-Chiraz-Iran-1-300x198.jpg\" alt=\"\" width=\"234\" height=\"155\" srcset=\"https:\/\/thierry-vernet.net\/wp-content\/uploads\/2018\/10\/Rt.-de-Chiraz-Iran-1-300x198.jpg 300w, https:\/\/thierry-vernet.net\/wp-content\/uploads\/2018\/10\/Rt.-de-Chiraz-Iran-1-768x506.jpg 768w, https:\/\/thierry-vernet.net\/wp-content\/uploads\/2018\/10\/Rt.-de-Chiraz-Iran-1-1024x674.jpg 1024w, https:\/\/thierry-vernet.net\/wp-content\/uploads\/2018\/10\/Rt.-de-Chiraz-Iran-1.jpg 1549w\" sizes=\"auto, (max-width: 234px) 100vw, 234px\" \/> <img loading=\"lazy\" decoding=\"async\" class=\"alignnone wp-image-1071\" src=\"https:\/\/thierry-vernet.net\/wp-content\/uploads\/2018\/10\/T\u00e9h\u00e9ran-1954-207x300.jpg\" alt=\"\" width=\"221\" height=\"321\" srcset=\"https:\/\/thierry-vernet.net\/wp-content\/uploads\/2018\/10\/T\u00e9h\u00e9ran-1954-207x300.jpg 207w, https:\/\/thierry-vernet.net\/wp-content\/uploads\/2018\/10\/T\u00e9h\u00e9ran-1954-768x1115.jpg 768w, https:\/\/thierry-vernet.net\/wp-content\/uploads\/2018\/10\/T\u00e9h\u00e9ran-1954-706x1024.jpg 706w, https:\/\/thierry-vernet.net\/wp-content\/uploads\/2018\/10\/T\u00e9h\u00e9ran-1954.jpg 968w\" sizes=\"auto, (max-width: 221px) 100vw, 221px\" \/><\/p>\n<h6>sur la route de Chiraz, en Iran \/ T\u00e9h\u00e9ran<\/h6>\n<h2>L&rsquo;usage du monde<\/h2>\n<p>L\u2019une au moins de ses \u0153uvres est universellement connue&nbsp;: le dessin de ces deux bizarres personnages t\u00eate-b\u00eache chevauchant un pauvre \u00e2ne r\u00e9sign\u00e9, sur la couverture de <em>L&rsquo;usage du monde<\/em> de Bouvier [Payot, 2001], est probablement le plus c\u00e9l\u00e8bre de Thierry Vernet. Mais \u00e0 part ce croquis \u00e0 l\u2019ironie ravageuse, l\u2019\u0153uvre du peintre genevois [1927-1993] est rest\u00e9e plus discr\u00e8te &#8211; et l\u2019artiste lui-m\u00eame plus discret encore. Car dans l\u2019insolite et formidable tandem Bouvier-Vernet qui, en 1953-1954, fila presque sans un sou de Gen\u00e8ve \u00e0 Kaboul en Topolino, c\u2019est Bouvier qui a domin\u00e9, sa plume incomparable dans l\u2019\u00e9pop\u00e9e comme dans la com\u00e9die le sacrant r\u00e9f\u00e9rence incontournable des \u00e9crivains voyageurs. Et Thierry Vernet, son comp\u00e8re et ami, en \u00e9tait lui aussi convaincu, \u00e0 ses propres d\u00e9pends, estimant d\u00e8s les premi\u00e8res pages avoir pour sa part \u00ab&nbsp;<em>le plus beau m\u00e9tier du monde<\/em> \u00bb. C\u2019est d\u2019ailleurs la vente de ses aquarelles et tableaux en cours de route qui finan\u00e7a en bonne partie l\u2019exp\u00e9dition\u2026 \u00ab&nbsp;Le cher Nick&nbsp;\u00bb &#8211; comme l\u2019appelle Vernet avec une affectueuse ironie &#8211; en \u00e9tait bien conscient, et souligne volontiers dans <em>L\u2019usage du monde<\/em> l\u2019importance de son ami, dessinateur audacieux, infirmier-cuistot-garagiste sans faille, mais surtout auditoire permanent et bienveillant\u2026<\/p>\n<p>Extrait d&rsquo;un commentaire de&nbsp; Jo\u00eblle Brack \u00e0 propos de \u00ab\u00a0<em>Peindre, \u00e9crire, chemin faisant<\/em>\u00a0\u00bb de Thierry Vernet&nbsp;&nbsp;&nbsp; Ed. L&rsquo; Age d&rsquo;Homme<\/p>\n<p><img loading=\"lazy\" decoding=\"async\" class=\"alignnone wp-image-1073\" src=\"https:\/\/thierry-vernet.net\/wp-content\/uploads\/2018\/10\/Turquie-1953-1-300x210.jpg\" alt=\"\" width=\"232\" height=\"163\" srcset=\"https:\/\/thierry-vernet.net\/wp-content\/uploads\/2018\/10\/Turquie-1953-1-300x210.jpg 300w, https:\/\/thierry-vernet.net\/wp-content\/uploads\/2018\/10\/Turquie-1953-1-768x537.jpg 768w, https:\/\/thierry-vernet.net\/wp-content\/uploads\/2018\/10\/Turquie-1953-1-1024x716.jpg 1024w\" sizes=\"auto, (max-width: 232px) 100vw, 232px\" \/> <img loading=\"lazy\" decoding=\"async\" class=\"alignnone wp-image-1069\" src=\"https:\/\/thierry-vernet.net\/wp-content\/uploads\/2018\/10\/Rt.dAnkara-300x204.jpg\" alt=\"\" width=\"243\" height=\"165\" srcset=\"https:\/\/thierry-vernet.net\/wp-content\/uploads\/2018\/10\/Rt.dAnkara-300x204.jpg 300w, https:\/\/thierry-vernet.net\/wp-content\/uploads\/2018\/10\/Rt.dAnkara-768x522.jpg 768w, https:\/\/thierry-vernet.net\/wp-content\/uploads\/2018\/10\/Rt.dAnkara-1024x697.jpg 1024w\" sizes=\"auto, (max-width: 243px) 100vw, 243px\" \/><\/p>\n<h6>Turquie \/ Route d&rsquo;Ankara<\/h6>\n<h2>Les dessins originaux<\/h2>\n<p>\u00ab Je me souviens d&rsquo;une nuit d&rsquo;\u00e9t\u00e9 au bord du lac, \u00e9tendu sur un ponton en compagnie de l&rsquo;ami pr\u00e9f\u00e9r\u00e9, t\u00e9tant le lait des \u00e9toiles. Nous \u00e9tions alors convaincus que la vie n&rsquo;est vraiment v\u00e9cue que si elle est \u00e9crite, que ce soit sur du papier, de la toile ou des port\u00e9es. \u00bb<\/p>\n<p><em>Th. V.<\/em><\/p>\n<p>Un artiste de 26 ans, Thierry Vernet, d\u00e9bute un long p\u00e9riple ; un \u00e9crivain de 25 ans, Nicolas Bouvier le rejoint. Le voyage dure pr\u00e8s de deux ans (1953- 1954). Ensemble, chacun \u00e0 sa mani\u00e8re, ils inventent L&rsquo;usage du monde,* un livre essentiel, initiatique, qui entrem\u00eale narrations et dessins. Initiatique ? Oui. Tous les grands voyageurs sont des p\u00e8lerins, et toute p\u00e9r\u00e9grination est recherche de soi.<\/p>\n<p>Intimement li\u00e9s au texte de Nicolas Bouvier, indissociables selon leur projet commun, ces dessins originaux n&rsquo;ont jamais fait l&rsquo;objet d&rsquo;un tirage de qualit\u00e9 qui leur rende honneur. Une s\u00e9lection est propos\u00e9e ici gr\u00e2ce \u00e0 l&rsquo;accord d&rsquo;Eliane Bouvier et la d\u00e9termination de l&rsquo;association ADOP : FS-TV et des h\u00e9ritiers de Thierry Vernet et de sa femme Floristella Stephani.<\/p>\n<p>Au-del\u00e0 des villes travers\u00e9es (Ptuj, Zagreb, Tr\u00e9bizonde, Tabriz, T\u00e9h\u00e9ran, Kaboul), les dessins de L&rsquo;usage du monde t\u00e9moignent de la sensibilit\u00e9 de Thierry Vernet, men\u00e9 par le hasard des routes et l&rsquo;ent\u00eatement \u00e0 saisir.<\/p>\n<p>Fr\u00e8re en graphisme d&rsquo;Hugo Pratt, pr\u00e9curseur de Marjane Satrapi, Thierry Vernet porte soin \u00e0 ses dessins dont le contraste noir-blanc accentue l&rsquo;intensit\u00e9 et la tendresse. La courbe opulente des femmes et des montagnes, la mosqu\u00e9e souriante aux bras lev\u00e9s, traduisent une empathie en mouvement qui englobe les soldats taciturnes et les \u00e9tranges personnages \u00e0 la Kusturica, mi braconniers mi miliciens. Et, \u00e9videmment, les musiciens. Excellent accord\u00e9oniste lui-m\u00eame, Thierry Vernet se d\u00e9fait par la musique de sa condition d&rsquo;\u00e9tranger. En d\u00e9finitive, le grand art de cet artiste est de restituer des atmosph\u00e8res et, partant, de nous faire aimer ces gens et ces lieux. En contrepoint \u00e0 ces dessins, existe la magnifique correspondance \u00e9dit\u00e9e en 2006,** de Thierry Vernet \u00e0 sa famille et \u00e0 l&rsquo;aim\u00e9e, la M\u00f4me, Floristella Stephani. Ces lettres offrent acc\u00e8s au quotidien du dessinateur, \u00e0 son apprentissage du Monde majuscule, \u00eatres et paysages m\u00eal\u00e9s.<\/p>\n<p>Il nous est alors facile de comprendre que le plus bel usage du monde, c&rsquo;est de le partager.<\/p>\n<p>Alexandra Galitzine<\/p>\n<p><img loading=\"lazy\" decoding=\"async\" class=\"alignnone wp-image-1072\" src=\"https:\/\/thierry-vernet.net\/wp-content\/uploads\/2018\/10\/Turquie-0953-204x300.jpg\" alt=\"\" width=\"178\" height=\"262\" srcset=\"https:\/\/thierry-vernet.net\/wp-content\/uploads\/2018\/10\/Turquie-0953-204x300.jpg 204w, https:\/\/thierry-vernet.net\/wp-content\/uploads\/2018\/10\/Turquie-0953-768x1129.jpg 768w, https:\/\/thierry-vernet.net\/wp-content\/uploads\/2018\/10\/Turquie-0953-696x1024.jpg 696w, https:\/\/thierry-vernet.net\/wp-content\/uploads\/2018\/10\/Turquie-0953.jpg 1347w\" sizes=\"auto, (max-width: 178px) 100vw, 178px\" \/> <img loading=\"lazy\" decoding=\"async\" class=\"alignnone size-medium wp-image-1074\" src=\"https:\/\/thierry-vernet.net\/wp-content\/uploads\/2018\/10\/Vernet-Tabriz-1-300x210.jpg\" alt=\"\" width=\"300\" height=\"210\" srcset=\"https:\/\/thierry-vernet.net\/wp-content\/uploads\/2018\/10\/Vernet-Tabriz-1-300x210.jpg 300w, https:\/\/thierry-vernet.net\/wp-content\/uploads\/2018\/10\/Vernet-Tabriz-1-768x536.jpg 768w, https:\/\/thierry-vernet.net\/wp-content\/uploads\/2018\/10\/Vernet-Tabriz-1-1024x715.jpg 1024w\" sizes=\"auto, (max-width: 300px) 100vw, 300px\" \/><\/p>\n<h6>Turquie \/ Th. Vernet \u00e0 Tabriz<\/h6>\n","protected":false},"excerpt":{"rendered":"<p>\u00a0\u00bb Un voyage se passe de motifs. Il ne tarde pas \u00e0 prouver qu&rsquo;il se suffit \u00e0 lui-m\u00eame. On croit qu&rsquo;on va faire un voyage, mais bient\u00f4t c&rsquo;est le voyage qui vous fait, ou vous d\u00e9fait.\u00a0\u00bb Nicolas Bouvier &#8211; L&rsquo;usage &hellip; <a href=\"https:\/\/thierry-vernet.net\/?page_id=158\">Continuer la lecture <span class=\"meta-nav\">&rarr;<\/span><\/a><\/p>\n","protected":false},"author":2,"featured_media":0,"parent":62,"menu_order":0,"comment_status":"closed","ping_status":"closed","template":"","meta":{"ngg_post_thumbnail":0,"footnotes":""},"class_list":["post-158","page","type-page","status-publish","hentry"],"_links":{"self":[{"href":"https:\/\/thierry-vernet.net\/index.php?rest_route=\/wp\/v2\/pages\/158","targetHints":{"allow":["GET"]}}],"collection":[{"href":"https:\/\/thierry-vernet.net\/index.php?rest_route=\/wp\/v2\/pages"}],"about":[{"href":"https:\/\/thierry-vernet.net\/index.php?rest_route=\/wp\/v2\/types\/page"}],"author":[{"embeddable":true,"href":"https:\/\/thierry-vernet.net\/index.php?rest_route=\/wp\/v2\/users\/2"}],"replies":[{"embeddable":true,"href":"https:\/\/thierry-vernet.net\/index.php?rest_route=%2Fwp%2Fv2%2Fcomments&post=158"}],"version-history":[{"count":10,"href":"https:\/\/thierry-vernet.net\/index.php?rest_route=\/wp\/v2\/pages\/158\/revisions"}],"predecessor-version":[{"id":1915,"href":"https:\/\/thierry-vernet.net\/index.php?rest_route=\/wp\/v2\/pages\/158\/revisions\/1915"}],"up":[{"embeddable":true,"href":"https:\/\/thierry-vernet.net\/index.php?rest_route=\/wp\/v2\/pages\/62"}],"wp:attachment":[{"href":"https:\/\/thierry-vernet.net\/index.php?rest_route=%2Fwp%2Fv2%2Fmedia&parent=158"}],"curies":[{"name":"wp","href":"https:\/\/api.w.org\/{rel}","templated":true}]}}