{"id":162,"date":"2018-09-10T22:01:57","date_gmt":"2018-09-10T20:01:57","guid":{"rendered":"https:\/\/thierry-vernet.net\/?page_id=162"},"modified":"2018-11-25T20:23:41","modified_gmt":"2018-11-25T18:23:41","slug":"biographie","status":"publish","type":"page","link":"https:\/\/thierry-vernet.net\/?page_id=162","title":{"rendered":"Biographie Th. Vernet"},"content":{"rendered":"<p>1927<\/p>\n<p>Le 12 f\u00e9vrier, naissance de Thierry Vernet, au Grand-Saconnex, pr\u00e8s de Gen\u00e8ve.<\/p>\n<p>1945-1950<\/p>\n<p>Apprentissage de la peinture et de la gravure aupr\u00e8s du d\u00e9corateur Jean Plojoux et du peintre Xavier Fiala.<\/p>\n<p>1949<\/p>\n<p>Premi\u00e8re exposition avec Fiala \u00e0 la galerie Motte, Gen\u00e8ve. Premiers travaux pour le th\u00e9\u00e2tre de la Com\u00e9die, Gen\u00e8ve.<\/p>\n<p>1949-1950<\/p>\n<p>Voyage en Alg\u00e9rie avec Nicolas Bouvier. Publication de textes et illustrations dans le quotidien suisse Le Courrier, mai et avril 1950.<\/p>\n<p>1951<\/p>\n<p>Sortie du premier livre illustr\u00e9 : Douze gravures &#8211; Trois textes, avec Nicolas Bouvier, chez Kundig, Gen\u00e8ve.<\/p>\n<p>1952<\/p>\n<p>Rencontre Floristella Stephani.<\/p>\n<p>1953<\/p>\n<p>Janvier : voyage de dix jours \u00e0 Belgrade. Le 4 juin : d\u00e9part en train pour la Yougoslavie. Au mois de juillet, rejoint par Nicolas Bouvier. D\u00e9but d&rsquo;un p\u00e9riple de deux ans vers l&rsquo;Orient, qui l&rsquo;am\u00e8ne jusqu&rsquo;au Sri Lanka.<\/p>\n<p>1955<\/p>\n<p>Le 16 mars, se marie avec Floristella en pr\u00e9sence de Nicolas Bouvier. Le 4 juin, retour vers l&rsquo;Europe. En ao\u00fbt, installation dans la maison La Gravi\u00e8re \u00e0 Nyon, au bord du lac L\u00e9man.<\/p>\n<p>&nbsp;<\/p>\n<p>1956<\/p>\n<p>Gagne une bourse f\u00e9d\u00e9rale suisse (FS 3000). Remporte le premier prix du concours Diday.<\/p>\n<p>1957<\/p>\n<p>Gagne \u00e0 nouveau une bourse f\u00e9d\u00e9rale suisse. Plusieurs s\u00e9jours \u00e0 Paris. En d\u00e9cembre, exposition de groupe \u00e0 la galerie Creuze, Paris.<\/p>\n<p>1958<\/p>\n<p>En mars, installation d\u00e9finitive \u00e0 Paris.<\/p>\n<p>1959<\/p>\n<p>Rencontre Joseph Czapski, gr\u00e2ce \u00e0 qui il aura une exposition \u00e0 la galerie B\u00e9n\u00e9zit. Rencontre avec les peintres Jean Fournier et Jean Bouvier.<\/p>\n<p><img loading=\"lazy\" decoding=\"async\" class=\"alignnone  wp-image-1488\" src=\"https:\/\/thierry-vernet.net\/wp-content\/uploads\/2018\/11\/Josef-C.-et-Thierry-V-225x300.jpg\" alt=\"\" width=\"212\" height=\"283\" srcset=\"https:\/\/thierry-vernet.net\/wp-content\/uploads\/2018\/11\/Josef-C.-et-Thierry-V-225x300.jpg 225w, https:\/\/thierry-vernet.net\/wp-content\/uploads\/2018\/11\/Josef-C.-et-Thierry-V-768x1024.jpg 768w, https:\/\/thierry-vernet.net\/wp-content\/uploads\/2018\/11\/Josef-C.-et-Thierry-V.jpg 1417w\" sizes=\"auto, (max-width: 212px) 100vw, 212px\" \/><\/p>\n<h5>Avec Joseph Czapski<\/h5>\n<p>1963<\/p>\n<p>D\u00e9cors pour le th\u00e9\u00e2tre des C\u00e9lestins, Lyon, Les Femmes savantes, de Moli\u00e8re. Se passionne pour l&rsquo;astrologie. Le 26 octobre, sortie de l&rsquo;Usage du monde, de Nicolas Bouvier, illustr\u00e9 par Vernet.<\/p>\n<p>1966<\/p>\n<p>Le 20 f\u00e9vrier, Vernet est initi\u00e9 martiniste ( franc-ma\u00e7on ). En mars, exposition de d\u00e9cors et de costumes de th\u00e9\u00e2tre, dans la galerie Jacques Desbri\u00e8res, Paris.<\/p>\n<p>1968<\/p>\n<p>Le 31 ao\u00fbt, Thierry et Floristella s&rsquo;installent au 54, rue des Envierges, dans le XXe.<\/p>\n<p>1969<\/p>\n<p>Gagne le concours du Grand Th\u00e9\u00e2tre \u00e0 Gen\u00e8ve, pour son Lulu d&rsquo;Alban Berg, ce qui lui vaudra le premier prix de d\u00e9coration th\u00e9\u00e2trale de la ville de Gen\u00e8ve, l&rsquo;ann\u00e9e suivante.<\/p>\n<p>1970<\/p>\n<p>Le 14 septembre, quitte son poste de chef-d\u00e9corateur de la Com\u00e9die de Gen\u00e8ve. Commence \u00e0 travailler pour Sarah Ventura, \u00e0 l&rsquo;Op\u00e9ra de Chambre de Gen\u00e8ve. D\u00e9but \u00e9galement de la collaboration avec la compagnie Alain Recoing, marionnettistes, pour le Th\u00e9\u00e2tre aux mains nues.<\/p>\n<p>1973<\/p>\n<p>Re\u00e7oit la m\u00e9daille Beaumarchais de la Soci\u00e9t\u00e9 des auteurs et compositeurs.<\/p>\n<p>1974<\/p>\n<p>Fait fabriquer et peint (et vend) ses premiers paravents, march\u00e9 vite \u00e9puis\u00e9.<\/p>\n<p><img loading=\"lazy\" decoding=\"async\" class=\"alignnone  wp-image-1492\" src=\"https:\/\/thierry-vernet.net\/wp-content\/uploads\/2018\/11\/Portrait-Ilona-300x207.jpg\" alt=\"\" width=\"230\" height=\"159\" srcset=\"https:\/\/thierry-vernet.net\/wp-content\/uploads\/2018\/11\/Portrait-Ilona-300x207.jpg 300w, https:\/\/thierry-vernet.net\/wp-content\/uploads\/2018\/11\/Portrait-Ilona-768x531.jpg 768w, https:\/\/thierry-vernet.net\/wp-content\/uploads\/2018\/11\/Portrait-Ilona-1024x708.jpg 1024w\" sizes=\"auto, (max-width: 230px) 100vw, 230px\" \/><img loading=\"lazy\" decoding=\"async\" class=\"alignnone  wp-image-1489\" src=\"https:\/\/thierry-vernet.net\/wp-content\/uploads\/2018\/11\/thierry-haute-folies-photo-jean-bouvier-300x196.jpg\" alt=\"\" width=\"234\" height=\"153\" srcset=\"https:\/\/thierry-vernet.net\/wp-content\/uploads\/2018\/11\/thierry-haute-folies-photo-jean-bouvier-300x196.jpg 300w, https:\/\/thierry-vernet.net\/wp-content\/uploads\/2018\/11\/thierry-haute-folies-photo-jean-bouvier-768x501.jpg 768w, https:\/\/thierry-vernet.net\/wp-content\/uploads\/2018\/11\/thierry-haute-folies-photo-jean-bouvier-1024x668.jpg 1024w, https:\/\/thierry-vernet.net\/wp-content\/uploads\/2018\/11\/thierry-haute-folies-photo-jean-bouvier.jpg 2000w\" sizes=\"auto, (max-width: 234px) 100vw, 234px\" \/><\/p>\n<p>1978<\/p>\n<p>Du 3 mars au 16 avril, premi\u00e8re exposition \u00e0 la galerie Plexus, Chexbres. Fait la connaissance de Jean Winiger, acteur et auteur de th\u00e9\u00e2tre.<\/p>\n<p>1979<\/p>\n<p>Vernet quitte les martinistes, quitte les ma\u00e7ons.<\/p>\n<p>1982<\/p>\n<p>Expose 31 dessins, Nus d&rsquo;homme, \u00e0 la galerie Op-Era, Gen\u00e8ve.<\/p>\n<p>1985<\/p>\n<p>Atelier, 49 bis, rue des Cascades. Peint des portraits. Invention et fabrication d&rsquo;un jeu, sorte de maison de poup\u00e9es, nomm\u00e9 le Th\u00e9\u00e2tre familial (d\u00e9pos\u00e9).<\/p>\n<p>1988<\/p>\n<p>Deux s\u00e9jours \u00e0 Java. P\u00e9riode f\u00e9conde.<\/p>\n<p>1989<\/p>\n<p>En d\u00e9cembre, \u00e0 l&rsquo;occasion d&rsquo;une exposition \u00e0 Chexbres, \u00e0 la galerie Plexus, sortie d&rsquo;un premier ouvrage sur sa peinture.<\/p>\n<p>1992<\/p>\n<p>Exposition&nbsp;au Centre culturel suisse dans le Marais, avec Nicolas Bouvier.<\/p>\n<p>1993<\/p>\n<p>Le 1er octobre, mort de Thierry Vernet \u00e0 Paris. Il est inhum\u00e9 au cimeti\u00e8re de Pantin. Les derniers dessins et peintures datent de septembre.<\/p>\n<p><img loading=\"lazy\" decoding=\"async\" class=\" wp-image-1490 aligncenter\" src=\"https:\/\/thierry-vernet.net\/wp-content\/uploads\/2018\/11\/Thierry-80-Sophie_lehmann101-236x300.jpg\" alt=\"\" width=\"152\" height=\"193\" srcset=\"https:\/\/thierry-vernet.net\/wp-content\/uploads\/2018\/11\/Thierry-80-Sophie_lehmann101-236x300.jpg 236w, https:\/\/thierry-vernet.net\/wp-content\/uploads\/2018\/11\/Thierry-80-Sophie_lehmann101-768x975.jpg 768w, https:\/\/thierry-vernet.net\/wp-content\/uploads\/2018\/11\/Thierry-80-Sophie_lehmann101-806x1024.jpg 806w, https:\/\/thierry-vernet.net\/wp-content\/uploads\/2018\/11\/Thierry-80-Sophie_lehmann101.jpg 1575w\" sizes=\"auto, (max-width: 152px) 100vw, 152px\" \/><\/p>\n<p>&nbsp;<\/p>\n","protected":false},"excerpt":{"rendered":"<p>1927 Le 12 f\u00e9vrier, naissance de Thierry Vernet, au Grand-Saconnex, pr\u00e8s de Gen\u00e8ve. 1945-1950 Apprentissage de la peinture et de la gravure aupr\u00e8s du d\u00e9corateur Jean Plojoux et du peintre Xavier Fiala. 1949 Premi\u00e8re exposition avec Fiala \u00e0 la galerie &hellip; <a href=\"https:\/\/thierry-vernet.net\/?page_id=162\">Continuer la lecture <span class=\"meta-nav\">&rarr;<\/span><\/a><\/p>\n","protected":false},"author":2,"featured_media":0,"parent":62,"menu_order":0,"comment_status":"closed","ping_status":"closed","template":"","meta":{"ngg_post_thumbnail":0,"footnotes":""},"class_list":["post-162","page","type-page","status-publish","hentry"],"_links":{"self":[{"href":"https:\/\/thierry-vernet.net\/index.php?rest_route=\/wp\/v2\/pages\/162","targetHints":{"allow":["GET"]}}],"collection":[{"href":"https:\/\/thierry-vernet.net\/index.php?rest_route=\/wp\/v2\/pages"}],"about":[{"href":"https:\/\/thierry-vernet.net\/index.php?rest_route=\/wp\/v2\/types\/page"}],"author":[{"embeddable":true,"href":"https:\/\/thierry-vernet.net\/index.php?rest_route=\/wp\/v2\/users\/2"}],"replies":[{"embeddable":true,"href":"https:\/\/thierry-vernet.net\/index.php?rest_route=%2Fwp%2Fv2%2Fcomments&post=162"}],"version-history":[{"count":10,"href":"https:\/\/thierry-vernet.net\/index.php?rest_route=\/wp\/v2\/pages\/162\/revisions"}],"predecessor-version":[{"id":1494,"href":"https:\/\/thierry-vernet.net\/index.php?rest_route=\/wp\/v2\/pages\/162\/revisions\/1494"}],"up":[{"embeddable":true,"href":"https:\/\/thierry-vernet.net\/index.php?rest_route=\/wp\/v2\/pages\/62"}],"wp:attachment":[{"href":"https:\/\/thierry-vernet.net\/index.php?rest_route=%2Fwp%2Fv2%2Fmedia&parent=162"}],"curies":[{"name":"wp","href":"https:\/\/api.w.org\/{rel}","templated":true}]}}