{"id":166,"date":"2018-07-03T22:21:29","date_gmt":"2018-07-03T20:21:29","guid":{"rendered":"https:\/\/thierry-vernet.net\/?page_id=166"},"modified":"2019-08-15T19:59:26","modified_gmt":"2019-08-15T17:59:26","slug":"migration-a-paris","status":"publish","type":"page","link":"https:\/\/thierry-vernet.net\/?page_id=166","title":{"rendered":"Migration \u00e0 Paris"},"content":{"rendered":"<p>Apr\u00e8s leur pause campagnarde, le couple Vernet, en manque de stimulants, d\u00e9barque \u00e0 Paris. Ils s&rsquo;installeront \u00e0 l&rsquo;H\u00f4tel du Midi jusqu&rsquo;en d\u00e9but 59, puis loueront un appartement dans le IX\u00e8me, 20 rue Cadet. L&rsquo;endroit est exigu\u00eb, environ 25 m\u00e8tres carr\u00e9 entre deux cours, mais ils y resteront dix ans, avant de d\u00e9m\u00e9nager d\u00e9finitivement dans le XX\u00e8me, au 54 rue des Envierges.<\/p>\n<p><em>\u201cCraignant les effets ramollissants du Lac L\u00e9man, nous avons quand m\u00eame fini par quitter la Suisse et par nous installer \u00e0 Paris en m\u00eame temps que De Gaulle, en mai 1958, et nous f\u00fbmes content d\u2019y vivre. Nous avons d\u00e9barqu\u00e9 dans un petit h\u00f4tel de la rive gauche pendant ces fameux \u00e9v\u00e9nements de mai 58. Aussi avons-nous connus quelques difficult\u00e9s&#8230;\u201d <\/em><\/p>\n<h5>extrait d\u2019un interview de Th. V. avec Jacqueline Th\u00e9voz en 1978<\/h5>\n<p><img loading=\"lazy\" decoding=\"async\" class=\"alignnone size-medium wp-image-1176\" src=\"https:\/\/thierry-vernet.net\/wp-content\/uploads\/2018\/10\/floristella-se-maquille-179x300.jpg\" alt=\"\" width=\"179\" height=\"300\" srcset=\"https:\/\/thierry-vernet.net\/wp-content\/uploads\/2018\/10\/floristella-se-maquille-179x300.jpg 179w, https:\/\/thierry-vernet.net\/wp-content\/uploads\/2018\/10\/floristella-se-maquille-768x1286.jpg 768w, https:\/\/thierry-vernet.net\/wp-content\/uploads\/2018\/10\/floristella-se-maquille-611x1024.jpg 611w, https:\/\/thierry-vernet.net\/wp-content\/uploads\/2018\/10\/floristella-se-maquille.jpg 1144w\" sizes=\"auto, (max-width: 179px) 100vw, 179px\" \/> <img loading=\"lazy\" decoding=\"async\" class=\"size-medium wp-image-1177 alignright\" src=\"https:\/\/thierry-vernet.net\/wp-content\/uploads\/2018\/10\/Thierry-et-Flori-\u00e0-lhotel-Sophie_lehmann100-197x300.jpg\" alt=\"\" width=\"197\" height=\"300\" srcset=\"https:\/\/thierry-vernet.net\/wp-content\/uploads\/2018\/10\/Thierry-et-Flori-\u00e0-lhotel-Sophie_lehmann100-197x300.jpg 197w, https:\/\/thierry-vernet.net\/wp-content\/uploads\/2018\/10\/Thierry-et-Flori-\u00e0-lhotel-Sophie_lehmann100-768x1168.jpg 768w, https:\/\/thierry-vernet.net\/wp-content\/uploads\/2018\/10\/Thierry-et-Flori-\u00e0-lhotel-Sophie_lehmann100-673x1024.jpg 673w, https:\/\/thierry-vernet.net\/wp-content\/uploads\/2018\/10\/Thierry-et-Flori-\u00e0-lhotel-Sophie_lehmann100.jpg 1260w\" sizes=\"auto, (max-width: 197px) 100vw, 197px\" \/><\/p>\n<p>Mars 59 : \u00ab \u2026Printemps adorable. Il y a un an nous d\u00e9barquions, par un vent froid, \u00e0 l\u2019H\u00f4tel de Londres, rue Bonaparte\u2026 Je suis un peu perdu, je ne sais plus dans quel sens travailler \u00bb.<\/p>\n<p>Maintenant, automne 81, apr\u00e8s dix ans pass\u00e9s entre les Folies-Berg\u00e8re et le Grand Orient de France, et douze sur les hauteurs de Belleville, je ne peux que r\u00e9p\u00e9ter : \u00ab Je suis un peu perdu, je ne sais plus dans quel sens travailler \u00bb. C\u2019est cela : Paris est ville de perdition, d\u2019\u00e9garement. On y vient pour \u00e7a : s\u2019y perdre, \u00e9garer ce qu\u2019on a acquis et trouver quelque chose au-del\u00e0, qu\u2019on n\u2019atteindra jamais, ou rencontrer enfin le Visage Unique au travers de l\u2019\u00e9paisseur de la vie et dans cette lumi\u00e8re miraculeuse, marine et campagnarde\u2026<\/p>\n<p>(Un souvenir : sur le Pont-Neuf, fin d\u2019apr\u00e8s-midi d\u2019avril. Une vieille dame en voilette, le nez au ciel, les bras ouverts, contemple les nuages roses, de ce rose gris\u00e9 qu\u2019on ne voit que l\u00e0)\u2026 qui pour un peintre est le premier attrait. Air gorg\u00e9 d\u2019eau. L\u2019aquarelle r\u00e8gne, m\u00eame dans le reflet de l\u2019autobus sur les pav\u00e9s humides et l\u2019\u0153il bleu de son conducteur.<\/p>\n<p>Rue Cadet nous habitions au fond d\u2019une cour et, aid\u00e9s d\u2019un miroir qui captait le ciel pour le projeter sur le plafond, nous avons v\u00e9cu dans l\u2019ambre et le jaune sombre. Maintenant \u00e0 Belleville nous naviguons dans le gris bleut\u00e9, les vapeurs qui tra\u00eenent, l\u2019espace rac\u00e9. Quel bonheur !<\/p>\n<p><em>Th. Vernet<\/em><\/p>\n<h5>Extraits de \u00ab\u00a0Paris parce que&#8230;\u00a0\u00bb un texte paru dans la revue \u201cRep\u00e8res\u201d, \u00e9ditions L\u2019Age d\u2019homme<\/h5>\nngg_shortcode_0_placeholder\n<h6>Images : coll. priv\u00e9e<\/h6>\n","protected":false},"excerpt":{"rendered":"<p>Apr\u00e8s leur pause campagnarde, le couple Vernet, en manque de stimulants, d\u00e9barque \u00e0 Paris. Ils s&rsquo;installeront \u00e0 l&rsquo;H\u00f4tel du Midi jusqu&rsquo;en d\u00e9but 59, puis loueront un appartement dans le IX\u00e8me, 20 rue Cadet. L&rsquo;endroit est exigu\u00eb, environ 25 m\u00e8tres carr\u00e9 &hellip; <a href=\"https:\/\/thierry-vernet.net\/?page_id=166\">Continuer la lecture <span class=\"meta-nav\">&rarr;<\/span><\/a><\/p>\n","protected":false},"author":2,"featured_media":0,"parent":69,"menu_order":0,"comment_status":"closed","ping_status":"closed","template":"","meta":{"ngg_post_thumbnail":0,"footnotes":""},"class_list":["post-166","page","type-page","status-publish","hentry"],"_links":{"self":[{"href":"https:\/\/thierry-vernet.net\/index.php?rest_route=\/wp\/v2\/pages\/166","targetHints":{"allow":["GET"]}}],"collection":[{"href":"https:\/\/thierry-vernet.net\/index.php?rest_route=\/wp\/v2\/pages"}],"about":[{"href":"https:\/\/thierry-vernet.net\/index.php?rest_route=\/wp\/v2\/types\/page"}],"author":[{"embeddable":true,"href":"https:\/\/thierry-vernet.net\/index.php?rest_route=\/wp\/v2\/users\/2"}],"replies":[{"embeddable":true,"href":"https:\/\/thierry-vernet.net\/index.php?rest_route=%2Fwp%2Fv2%2Fcomments&post=166"}],"version-history":[{"count":8,"href":"https:\/\/thierry-vernet.net\/index.php?rest_route=\/wp\/v2\/pages\/166\/revisions"}],"predecessor-version":[{"id":1616,"href":"https:\/\/thierry-vernet.net\/index.php?rest_route=\/wp\/v2\/pages\/166\/revisions\/1616"}],"up":[{"embeddable":true,"href":"https:\/\/thierry-vernet.net\/index.php?rest_route=\/wp\/v2\/pages\/69"}],"wp:attachment":[{"href":"https:\/\/thierry-vernet.net\/index.php?rest_route=%2Fwp%2Fv2%2Fmedia&parent=166"}],"curies":[{"name":"wp","href":"https:\/\/api.w.org\/{rel}","templated":true}]}}