{"id":1900,"date":"2024-05-06T09:56:32","date_gmt":"2024-05-06T07:56:32","guid":{"rendered":"https:\/\/thierry-vernet.net\/?page_id=1900"},"modified":"2024-05-06T10:02:23","modified_gmt":"2024-05-06T08:02:23","slug":"floristella-stephani-2","status":"publish","type":"page","link":"https:\/\/thierry-vernet.net\/?page_id=1900","title":{"rendered":"Floristella Stephani"},"content":{"rendered":"\n<p><strong>La peinture de Floristella Stephani appara\u00eet comme une profonde m\u00e9ditation picturale sur le monde qui nous entoure, dispensatrice d&rsquo;\u00e9merveillement int\u00e9rieur, de reconnaissance et de paix. Art de patience \u00e9voquant celui des vieux ma\u00eetres hollandais : d&rsquo;attention aux paysages, aux fleurs, aux animaux (de sublimes chats lov\u00e9s commme dans un songe de po\u00e8te) et aux \u00eatres solitaires; mais art, aussi, de d\u00e9cantation secr\u00e8te, d&rsquo;\u00e9lipse po\u00e9tiques et d&rsquo;audaces formelles, o\u00f9 se r\u00e9concilient et se f\u00e9condent les acquis de la tradition et les \u00e9lans d&rsquo;un incessant renouveau.<\/strong><\/p>\n\n\n\n<p><em>\u00abJ&rsquo;aimerais dire la beaut\u00e9 du monde\u00bb, Floristella Stephani, article de G\u00e9rard Jouli\u00e9, 28 mars 1982<\/em>.<\/p>\n\n\n\n<h4 class=\"wp-block-heading\"><em>\u201cLorsque je re\u00e7ois un petit choc d\u00e9licieux et fragile devant\u00a0 la nature vivante ou morte, comme on dit pour simplifier, que je vois parmi le fouillis des lignes, valeurs, couleurs, lumi\u00e8res une ordonnance, une harmonie, une musique qui semble m\u2019\u00eatre adress\u00e9e personnellement, je ne doute pas de pouvoir faire un chef d\u2019\u0153uvre \u00e0 partir de l\u00e0.<\/em><\/h4>\n\n\n\n<h4 class=\"wp-block-heading\"><em>Je me pr\u00e9cipite pour dessiner sommairement d\u2019abord, puis pousse ensuite si le sujet est sage et encore dans la&nbsp; m\u00eame lumi\u00e8re, et alors le diable me glisse in petto : \u00ab Ma fille, tu en as maintenant pour des semaines, des mois, peut-\u00eatre des ann\u00e9es\u2026Est-ce que \u00e7a en vaut la peine, le choc est-il s\u00e9rieux, ou bien juste une petite impression passag\u00e8re qui&nbsp; s\u2019\u00e9vanouira sous tes doigts apr\u00e8s quelques efforts inutiles\u201d<\/em><\/h4>\n\n\n\n<h4 class=\"wp-block-heading\">\u00a0<\/h4>\n\n\n\n<figure class=\"wp-block-image size-large is-resized\"><img loading=\"lazy\" decoding=\"async\" width=\"1024\" height=\"667\" src=\"https:\/\/thierry-vernet.net\/wp-content\/uploads\/2024\/05\/floristella-peint-1024x667.jpg\" alt=\"\" class=\"wp-image-1901\" style=\"width:494px;height:auto\" srcset=\"https:\/\/thierry-vernet.net\/wp-content\/uploads\/2024\/05\/floristella-peint-1024x667.jpg 1024w, https:\/\/thierry-vernet.net\/wp-content\/uploads\/2024\/05\/floristella-peint-300x195.jpg 300w, https:\/\/thierry-vernet.net\/wp-content\/uploads\/2024\/05\/floristella-peint-768x500.jpg 768w, https:\/\/thierry-vernet.net\/wp-content\/uploads\/2024\/05\/floristella-peint.jpg 1314w\" sizes=\"auto, (max-width: 1024px) 100vw, 1024px\" \/><\/figure>\n\n\n\n<p>\u00a9 Photographie de Floristella Stephani de Jean Mohr<\/p>\n\n\n\n<h5 class=\"wp-block-heading\">&nbsp;<\/h5>\n\n\n\n<h2 class=\"wp-block-heading\">Enfance et adolescence<\/h2>\n\n\n\n<h4 class=\"wp-block-heading\"><em>\u00ab\u00a0Aussi loin que je me souvienne, j&rsquo;ai toujours peints ou dessin\u00e9, d&rsquo;une mani\u00e8re ou d&rsquo;une autre. Avais-je un \u0153il de peintre ? Je n&rsquo;en suis pas certaine. Je crois l&rsquo;avoir plut\u00f4t acquis ou d\u00e9velopp\u00e9 par la fr\u00e9quentation des peintres, la recherche et le travail, enfin par l&rsquo;amour de la nature\u00a0\u00bb<\/em><\/h4>\n\n\n\n<p>Floristella Stephani a v\u00e9cu \u00e0 Montana jusqu&rsquo;\u00e0 l&rsquo;\u00e2ge de 18 ans et se disait Valaisanne de coeur. Apr\u00e8s une \u00e9cole primaire et campagnarde, elle fait ses \u00e9tudes secondaires \u00e0 Sion, chez les Franciscains.<\/p>\n\n\n\n<p>Sa m\u00e8re artiste influen\u00e7a sa vocation et elle \u00e9tudia ensuite \u00e0 l&rsquo;\u00e9cole des Beaux-Arts de Gen\u00e8ve pendant 4 ans. Puis se rend \u00e0 Paris pour travailler la gravure sur cuivre dans l&rsquo;Atelier de J. Friedl\u00e4nder.&nbsp;<\/p>\n\n\n\n<h4 class=\"wp-block-heading\">C&rsquo;est \u00e0 l&rsquo;occasion d&rsquo;&nbsp;un spectacle organis\u00e9&nbsp;par l&rsquo;\u00e9cole des Beaux-Arts, qu&rsquo;elle rencontre Thierry Vernet.<\/h4>\n","protected":false},"excerpt":{"rendered":"<p>La peinture de Floristella Stephani appara\u00eet comme une profonde m\u00e9ditation picturale sur le monde qui nous entoure, dispensatrice d&rsquo;\u00e9merveillement int\u00e9rieur, de reconnaissance et de paix. Art de patience \u00e9voquant celui des vieux ma\u00eetres hollandais : d&rsquo;attention aux paysages, aux fleurs, &hellip; <a href=\"https:\/\/thierry-vernet.net\/?page_id=1900\">Continuer la lecture <span class=\"meta-nav\">&rarr;<\/span><\/a><\/p>\n","protected":false},"author":2,"featured_media":0,"parent":0,"menu_order":0,"comment_status":"closed","ping_status":"closed","template":"","meta":{"ngg_post_thumbnail":0,"footnotes":""},"class_list":["post-1900","page","type-page","status-publish","hentry"],"_links":{"self":[{"href":"https:\/\/thierry-vernet.net\/index.php?rest_route=\/wp\/v2\/pages\/1900","targetHints":{"allow":["GET"]}}],"collection":[{"href":"https:\/\/thierry-vernet.net\/index.php?rest_route=\/wp\/v2\/pages"}],"about":[{"href":"https:\/\/thierry-vernet.net\/index.php?rest_route=\/wp\/v2\/types\/page"}],"author":[{"embeddable":true,"href":"https:\/\/thierry-vernet.net\/index.php?rest_route=\/wp\/v2\/users\/2"}],"replies":[{"embeddable":true,"href":"https:\/\/thierry-vernet.net\/index.php?rest_route=%2Fwp%2Fv2%2Fcomments&post=1900"}],"version-history":[{"count":5,"href":"https:\/\/thierry-vernet.net\/index.php?rest_route=\/wp\/v2\/pages\/1900\/revisions"}],"predecessor-version":[{"id":1908,"href":"https:\/\/thierry-vernet.net\/index.php?rest_route=\/wp\/v2\/pages\/1900\/revisions\/1908"}],"wp:attachment":[{"href":"https:\/\/thierry-vernet.net\/index.php?rest_route=%2Fwp%2Fv2%2Fmedia&parent=1900"}],"curies":[{"name":"wp","href":"https:\/\/api.w.org\/{rel}","templated":true}]}}