{"id":191,"date":"2018-07-03T23:22:33","date_gmt":"2018-07-03T21:22:33","guid":{"rendered":"https:\/\/thierry-vernet.net\/?page_id=191"},"modified":"2019-12-13T11:25:23","modified_gmt":"2019-12-13T09:25:23","slug":"galerie-stephani","status":"publish","type":"page","link":"https:\/\/thierry-vernet.net\/?page_id=191","title":{"rendered":"Galeries :  Floristella Stephani"},"content":{"rendered":"<p><strong>Paysages<\/strong><\/p>\nngg_shortcode_0_placeholder\n<h5>Cliquez sur l&rsquo;image pour agrandir<\/h5>\n<p><strong>Portraits et autoportraits<\/strong><\/p>\n<p><strong>Chats &amp; Chien<br \/>\n<\/strong><\/p>\n<p>ngg_shortcode_1_placeholder<strong>Natures mortes<\/strong><\/p>\n<p>ngg_shortcode_2_placeholder<strong>Chemin de croix<\/strong><\/p>\n<p>ngg_shortcode_3_placeholderLes oeuvres de Thierry Vernet et Floristella Stephani qui ne sont pas propri\u00e9t\u00e9s priv\u00e9es, sont d\u00e9pos\u00e9es \u00e0 la :<\/p>\n<p><strong>Galerie Plexus \u00e0 Chexbres Vaud Switzerland<\/strong><\/p>\n<p>contact : R. Aeschlimann&nbsp; \u2013 artplexus@bluewin.ch<\/p>\n<p>&nbsp;<\/p>\n","protected":false},"excerpt":{"rendered":"<p>Paysages Cliquez sur l&rsquo;image pour agrandir Portraits et autoportraits Chats &amp; Chien Natures mortes Chemin de croix Les oeuvres de Thierry Vernet et Floristella Stephani qui ne sont pas propri\u00e9t\u00e9s priv\u00e9es, sont d\u00e9pos\u00e9es \u00e0 la : Galerie Plexus \u00e0 Chexbres &hellip; <a href=\"https:\/\/thierry-vernet.net\/?page_id=191\">Continuer la lecture <span class=\"meta-nav\">&rarr;<\/span><\/a><\/p>\n","protected":false},"author":2,"featured_media":0,"parent":0,"menu_order":0,"comment_status":"closed","ping_status":"closed","template":"","meta":{"ngg_post_thumbnail":0,"footnotes":""},"class_list":["post-191","page","type-page","status-publish","hentry"],"_links":{"self":[{"href":"https:\/\/thierry-vernet.net\/index.php?rest_route=\/wp\/v2\/pages\/191","targetHints":{"allow":["GET"]}}],"collection":[{"href":"https:\/\/thierry-vernet.net\/index.php?rest_route=\/wp\/v2\/pages"}],"about":[{"href":"https:\/\/thierry-vernet.net\/index.php?rest_route=\/wp\/v2\/types\/page"}],"author":[{"embeddable":true,"href":"https:\/\/thierry-vernet.net\/index.php?rest_route=\/wp\/v2\/users\/2"}],"replies":[{"embeddable":true,"href":"https:\/\/thierry-vernet.net\/index.php?rest_route=%2Fwp%2Fv2%2Fcomments&post=191"}],"version-history":[{"count":19,"href":"https:\/\/thierry-vernet.net\/index.php?rest_route=\/wp\/v2\/pages\/191\/revisions"}],"predecessor-version":[{"id":1681,"href":"https:\/\/thierry-vernet.net\/index.php?rest_route=\/wp\/v2\/pages\/191\/revisions\/1681"}],"wp:attachment":[{"href":"https:\/\/thierry-vernet.net\/index.php?rest_route=%2Fwp%2Fv2%2Fmedia&parent=191"}],"curies":[{"name":"wp","href":"https:\/\/api.w.org\/{rel}","templated":true}]}}