{"id":193,"date":"2018-07-03T23:23:42","date_gmt":"2018-07-03T21:23:42","guid":{"rendered":"https:\/\/thierry-vernet.net\/?page_id=193"},"modified":"2018-12-05T21:06:58","modified_gmt":"2018-12-05T19:06:58","slug":"le-chemin-du-croix-un-parcours-spirituel","status":"publish","type":"page","link":"https:\/\/thierry-vernet.net\/?page_id=193","title":{"rendered":"Le chemin de croix: un parcours spirituel"},"content":{"rendered":"<p><em>\u201cJ\u2019ai envie de peindre un Chemin de Croix. Apr\u00e8s ma \u201cCrucifixion\u201d je commence \u00e0 croire que c\u2019est possible. Il y a au moins vingt ans, j\u2019avais vu dans une chapelle de montagne, dans le Haut-Valais, un Chemin de Croix tr\u00e8s simple et beau. J\u2019aurais tant aim\u00e9 en faire un, moi aussi, mais je m\u2019en sentais incapable : peindre quelque chose que je n\u2019aurais pas vu ! Impossible.\u201d<\/em><\/p>\n<p>Voici le plan :<\/p>\n<p>1&nbsp;&nbsp; Ecce homo<br \/>\n2&nbsp;&nbsp; II part avec la croix<br \/>\n3&nbsp;&nbsp; Premi\u00e8re chute<br \/>\n4&nbsp;&nbsp; Rencontre avec sa m\u00e8re<br \/>\n5&nbsp;&nbsp; Simon de Cyr\u00e8ne<br \/>\n6&nbsp;&nbsp; Son visage<br \/>\n7&nbsp;&nbsp; Deuxi\u00e8me chute<br \/>\n8&nbsp;&nbsp; II rencontre les femmes de J\u00e9rusalem<br \/>\n9&nbsp;&nbsp; Troisi\u00e8me chute<br \/>\n10&nbsp; Partage de ses v\u00eatements.&nbsp;La robe sans couture.<br \/>\n11&nbsp; II est crucifi\u00e9<br \/>\n12&nbsp; II meurt<br \/>\n13&nbsp; Un soldat romain lui perce le c\u00f4t\u00e9 droit<br \/>\n14&nbsp; Descente de croix ou Piet\u00e0<br \/>\n15&nbsp; Le tombeau vide<br \/>\n16&nbsp; Ecce Deo ! La R\u00e9surrection<\/p>\n<p>&nbsp;<\/p>\n<p>J&rsquo;ai commenc\u00e9 \u00e0 dessiner, \u00e0 peindre, \u00e0 chercher sur les petits carr\u00e9s de toiles de 15cm de c\u00f4t\u00e9. Passionnant. Je parviendrai, con l&rsquo;aiuto d&rsquo;Iddio, \u00e0 faire un instrument de m\u00e9ditation qui soit beau. Pour l&rsquo;instant, c&rsquo;est moi qui m\u00e9dite ! Rien de tel pour r\u00e9fl\u00e9chir en profondeur sur la Passion que de la peindre. Sans&nbsp; compter que c&rsquo;est pour moi un exercice exaltant d&rsquo;inventer (plus ou moins, il y a quelques pr\u00e9c\u00e9dents !) 14 situations dramatiques qui doivent \u00eatre simples, tr\u00e8s parlantes, fortes, belles \u00ab&nbsp;Peintures d&rsquo;abord&nbsp;\u00bb. Mais pas question de faire n&rsquo;importe quoi ; je me sers de documents de toutes sortes, je lis et je relis Catherine Emmerich, l&rsquo;Evangile bien s\u00fbr, et mon missel pour&nbsp; la succession des stations.<\/p>\n<p><em>Lundi 9 octobre 1989<\/em><\/p>\n<p>Je pourrais peindre sans arr\u00eat; ce travail me tire en avant au lieu&nbsp; que ce soit moi qui le tire, comme d&rsquo;habitude avec les toiles d&rsquo;impression, de simple vision. J&rsquo;y trouve un plaisir, un moment de bonheur profond et nouveau, bien que le sujet soit terrible.<\/p>\n<p><em>Dimanche 15&nbsp; octobre 1989&nbsp;&nbsp; <\/em><\/p>\n<p>Hier je me suis remise \u00e0 peindre apr\u00e8s plusieurs jours d&rsquo;arr\u00eat forc\u00e9. Je ne vois pas le temps passer quand je travaille \u00e0 ce Chemin. Plus de probl\u00e8me de \u00ab&nbsp;\u00e0 quoi bon&nbsp;\u00bb, \u00ab&nbsp;est-ce bien utile&nbsp;\u00bb. C&rsquo;est une v\u00e9ritable n\u00e9cessit\u00e9 pour moi. Et je sais que je sers Dieu, que c&rsquo;est juste.<\/p>\n<p><em>Dimanche 29&nbsp; octobre 1989 <\/em><\/p>\n<p>Visite \u00e0 Jean. Il voulait \u00e0 tout prix savoir ce que je peins en ce moment. Ca m&rsquo;a g\u00ean\u00e9. D&rsquo;habitude je n&rsquo;ai pas peur de parler du Ciel, mais l\u00e0 c&rsquo;est de peinture religieuse&nbsp; qu&rsquo;il s&rsquo;agit. Maintenant, je pr\u00e9fererais me taire sur ce sujet, il est trop t\u00f4t&nbsp; pour en parler.<\/p>\n<p><em>Samedi 4 novembre 1989&nbsp; <\/em><em>&nbsp;<\/em><\/p>\n<p>Je vis un changement int\u00e9rieur important que je ne comprends pas encore, c&rsquo;est pourquoi tout ce qui m&rsquo;\u00e9loigne et me distrait de la peinture, de ce travail si essentiel pour moi, m&rsquo;ennuie ou m&rsquo;agace.&nbsp;&nbsp;&nbsp;&nbsp;&nbsp;&nbsp;&nbsp;&nbsp;&nbsp;&nbsp;&nbsp;&nbsp;&nbsp;&nbsp;&nbsp;&nbsp;&nbsp;&nbsp;&nbsp;&nbsp;&nbsp;&nbsp;&nbsp;&nbsp;&nbsp;&nbsp;&nbsp;&nbsp;&nbsp;&nbsp;&nbsp;&nbsp;&nbsp;&nbsp;&nbsp;&nbsp;&nbsp;&nbsp;&nbsp;&nbsp;&nbsp;&nbsp;&nbsp;&nbsp;&nbsp;&nbsp;&nbsp;&nbsp;&nbsp;&nbsp;&nbsp;&nbsp;&nbsp;&nbsp;&nbsp;&nbsp;&nbsp;&nbsp;&nbsp;&nbsp;&nbsp;&nbsp;&nbsp;&nbsp;&nbsp;&nbsp;&nbsp;&nbsp;&nbsp;&nbsp;&nbsp;&nbsp;&nbsp;<\/p>\n<p><em>Dimanche 12 novembre 1989&nbsp; <\/em><\/p>\n<p>Je commence la 14\u00e8me station (maquette en petit). Je crois que je vais en faire une 13\u00e8me bis et une 14\u00e8me bis pour pouvoir peindre une Descente de Croix et un Christ ressuscit\u00e9 traditionnellement compris dans la 14\u00e8me, il y a trop d&rsquo;\u00e9v\u00e9nements importants dans la m\u00eame station. Ca me permettra aussi de faire un panneau carr\u00e9 de 4&#215;4 stations.<\/p>\n<p><em>Dimanche 26 novembre 1989 <\/em><\/p>\n<p>Termin\u00e9 pour le moment mes 16 projets. Un grand bonheur. La premi\u00e8re station, le visage du Christ (6), le partage des v\u00eatements et la R\u00e9surrection ont \u00e9t\u00e9 les plus difficiles. Maintenant je vais les refaire un par un sur des bois pr\u00e9par\u00e9s de 25x25cm. J&rsquo;ai une telle joie de ce travail !&nbsp;&nbsp;&nbsp;&nbsp;&nbsp;&nbsp;&nbsp;&nbsp;&nbsp;&nbsp;&nbsp;&nbsp;&nbsp;&nbsp;&nbsp;&nbsp;&nbsp;&nbsp;&nbsp;&nbsp;&nbsp;&nbsp;&nbsp;&nbsp;&nbsp;&nbsp;&nbsp;&nbsp;&nbsp;&nbsp;&nbsp;&nbsp;&nbsp;&nbsp;&nbsp;&nbsp;&nbsp;&nbsp;&nbsp;&nbsp;&nbsp;&nbsp;&nbsp;&nbsp;&nbsp;&nbsp;&nbsp;&nbsp;&nbsp;&nbsp;&nbsp;&nbsp;&nbsp;&nbsp;&nbsp;&nbsp;&nbsp;&nbsp;&nbsp;&nbsp;&nbsp;&nbsp;&nbsp;&nbsp;&nbsp;&nbsp;&nbsp;&nbsp;&nbsp;&nbsp;&nbsp;&nbsp;&nbsp;&nbsp;&nbsp;&nbsp;&nbsp;&nbsp;&nbsp;&nbsp;&nbsp;&nbsp;&nbsp;&nbsp;&nbsp;&nbsp;&nbsp;&nbsp;&nbsp;&nbsp;&nbsp;&nbsp;&nbsp;&nbsp;&nbsp;&nbsp;&nbsp;&nbsp;&nbsp;<\/p>\n<p><em>Jeudi 7 d\u00e9cembre 1989<\/em><\/p>\n<p><em>&nbsp;<\/em>&#8230;je ne cherche pas \u00e0 r\u00e9volutionner la peinture, j&rsquo;en serais bien incapable. Je voudrais exprimer simplement la Passion de Dieu, dire qu&rsquo;il a souffert tout cela (et bien plus) pour nous tirer du n\u00e9ant o\u00f9 nous plongeons. Que&nbsp; c&rsquo;est difficile et qu&rsquo;il est facile de rester \u00e0 la surface des choses&nbsp;&nbsp;&nbsp;&nbsp;&nbsp;&nbsp;&nbsp;&nbsp;&nbsp;&nbsp;&nbsp;&nbsp;&nbsp;&nbsp;&nbsp;&nbsp;&nbsp;&nbsp;&nbsp;&nbsp;&nbsp;&nbsp;&nbsp;&nbsp;&nbsp;&nbsp;&nbsp;&nbsp;&nbsp;&nbsp;&nbsp;&nbsp;&nbsp;&nbsp;&nbsp;&nbsp;&nbsp;&nbsp;&nbsp;&nbsp;&nbsp;&nbsp;&nbsp;&nbsp;&nbsp;&nbsp;&nbsp;&nbsp;&nbsp;&nbsp;&nbsp;&nbsp;&nbsp;&nbsp;&nbsp;&nbsp;&nbsp;&nbsp;&nbsp;&nbsp;&nbsp;&nbsp;&nbsp;&nbsp;&nbsp;&nbsp;&nbsp;&nbsp;&nbsp;&nbsp;&nbsp;&nbsp;&nbsp;&nbsp;&nbsp;&nbsp;&nbsp;&nbsp;&nbsp;&nbsp;&nbsp;&nbsp;&nbsp;&nbsp;&nbsp;&nbsp;<\/p>\n<p><em>Mardi 26 d\u00e9cembre 1989<\/em><em>&nbsp;<\/em><\/p>\n<p>Je ne pense qu&rsquo;\u00e0 ce Chemin de Croix. J&rsquo;ai punais\u00e9 mes 16 petites images sur une planche et je les regarde d&rsquo;un oeil critique. J&rsquo;en suis \u00e0 la 3\u00e8me station sur bois (25x25cm), pas tr\u00e8s diff\u00e9rente des projets, sinon que j&rsquo;ai remplac\u00e9 dans la premi\u00e8re H\u00e9rode par Pilate qui me semble important.<\/p>\n<p>Oblig\u00e9e d&rsquo;en parler aux amis, aux gens lorsqu&rsquo;ils me demandent ce que je fais, donc&nbsp; de parler de Dieu et de la foi. Pour le moment \u00e7a m&rsquo;ennuie un peu de montrer mon travail. J&rsquo;esp\u00e8re que ce sera diff\u00e9rent lorsqu&rsquo;il sera termin\u00e9. Il est fait pour \u00eatre vu et m\u00e9dit\u00e9. Mais je voudrais aussi qu&rsquo;il touche les peintres&#8230;. ou ceux qui ont&nbsp; un oeil de peintre.<\/p>\n<p>J&rsquo;ai r\u00eav\u00e9 l&rsquo;autre nuit que j&rsquo;\u00e9tais enceinte. J&rsquo;avais un tr\u00e8s gros ventre. Et puis un b\u00e9b\u00e9, une petite fille habill\u00e9e, d&rsquo;un an environ (Marie&#8230;) est arriv\u00e9e, voletant dans l&rsquo;air, toute gaie, agitants ses petits bras. Et je me disais : \u00e0 mon \u00e2ge ! C&rsquo;est incroyable ! Est-ce que Thierry sera pr\u00eat \u00e0 en accepter les contraintes ?&nbsp;&nbsp;&nbsp;&nbsp;&nbsp;&nbsp;&nbsp;&nbsp;&nbsp;&nbsp;&nbsp;&nbsp;&nbsp;&nbsp;&nbsp;&nbsp;&nbsp;&nbsp;&nbsp;&nbsp;&nbsp;&nbsp;&nbsp;&nbsp;&nbsp;&nbsp;&nbsp;&nbsp;&nbsp;&nbsp;&nbsp;&nbsp;&nbsp;&nbsp;&nbsp;&nbsp;&nbsp;&nbsp;&nbsp;&nbsp;&nbsp;&nbsp;&nbsp;&nbsp;&nbsp;&nbsp;&nbsp;&nbsp;<\/p>\n<p><em>Vendredi 13 janvier 1990&nbsp; <\/em><\/p>\n<p>Je continue \u00e0 peindre dans la joie et l&rsquo;anxi\u00e9t\u00e9. 6\u00e8me station, le visage du Christ. L&rsquo;\u00eatre le plus difficile \u00e0 imaginer. Les peintres d&rsquo;ic\u00f4nes s&rsquo;en sont tir\u00e9s par la stylisation traditionnelle un peu formaliste. Je voudrais exprimer : beaut\u00e9, force, amour p\u00e9n\u00e9trant, douleur. Bonheur aussi de l&rsquo;Amour&nbsp; qui donne tout. Beaut\u00e9, mais&nbsp; destruction par les bourreaux jusqu&rsquo;\u00e0 le rendre m\u00e9connaissable. C&rsquo;est impossible. Et je n&rsquo;aurais pu le peindre tel que je le vois dans ces moments : les yeux sanglants, le visage d\u00e9form\u00e9, sale, en sang. L&rsquo;horreur. Moi je n&rsquo;en n&rsquo;aurais pas support\u00e9 la vue; c&rsquo;est d\u00e9j\u00e0 assez&nbsp; p\u00e9nible comme \u00e7a. Le reste on peut bien l&rsquo;imaginer.&nbsp;&nbsp;&nbsp;&nbsp;&nbsp;&nbsp;&nbsp;&nbsp;&nbsp;&nbsp;&nbsp;&nbsp;&nbsp;&nbsp;&nbsp;&nbsp;&nbsp;&nbsp;&nbsp;&nbsp;&nbsp;&nbsp;&nbsp;&nbsp;&nbsp;&nbsp;&nbsp;&nbsp;&nbsp;&nbsp;&nbsp;&nbsp;&nbsp;&nbsp;&nbsp;&nbsp;&nbsp;&nbsp;&nbsp;&nbsp;&nbsp;&nbsp;&nbsp;&nbsp;&nbsp;&nbsp;&nbsp;&nbsp;&nbsp;&nbsp;&nbsp;&nbsp;&nbsp;&nbsp;&nbsp;&nbsp;&nbsp;&nbsp;&nbsp;&nbsp;&nbsp;&nbsp;&nbsp;&nbsp;&nbsp;&nbsp;&nbsp;&nbsp;&nbsp;&nbsp;&nbsp;&nbsp;&nbsp; <em>&nbsp;<\/em><\/p>\n<p><em>&nbsp;Jeudi 6 mars 1990<\/em><\/p>\n<p><img loading=\"lazy\" decoding=\"async\" class=\"size-medium wp-image-1369 aligncenter\" src=\"https:\/\/thierry-vernet.net\/wp-content\/uploads\/2018\/11\/chemin-de-croix-Floristella-S-285x300.jpg\" alt=\"\" height=\"300\" width=\"285\" srcset=\"https:\/\/thierry-vernet.net\/wp-content\/uploads\/2018\/11\/chemin-de-croix-Floristella-S-285x300.jpg 285w, https:\/\/thierry-vernet.net\/wp-content\/uploads\/2018\/11\/chemin-de-croix-Floristella-S-768x808.jpg 768w, https:\/\/thierry-vernet.net\/wp-content\/uploads\/2018\/11\/chemin-de-croix-Floristella-S-974x1024.jpg 974w\" sizes=\"auto, (max-width: 285px) 100vw, 285px\" \/><\/p>\n<p>D\u00e9courag\u00e9e aujourd&rsquo;hui. C&rsquo;est une entreprise impossible sans la pri\u00e8re. Je le vois bien quand je l&rsquo;oublie.&nbsp;&nbsp;&nbsp;&nbsp;&nbsp;&nbsp;&nbsp;&nbsp;&nbsp;&nbsp;&nbsp;&nbsp;&nbsp;&nbsp;&nbsp;&nbsp;&nbsp;&nbsp;&nbsp;&nbsp;&nbsp;&nbsp;&nbsp;&nbsp;&nbsp;&nbsp;&nbsp;&nbsp;&nbsp;&nbsp;&nbsp;&nbsp;&nbsp;&nbsp;&nbsp;&nbsp;&nbsp;&nbsp;&nbsp;&nbsp;&nbsp;&nbsp;&nbsp;&nbsp;&nbsp;&nbsp;&nbsp;&nbsp;&nbsp;&nbsp;&nbsp;&nbsp;&nbsp;&nbsp;&nbsp;&nbsp;&nbsp;&nbsp;&nbsp;&nbsp;&nbsp;&nbsp;&nbsp;&nbsp;&nbsp;&nbsp;&nbsp;&nbsp;&nbsp;&nbsp;&nbsp;&nbsp;&nbsp;&nbsp;&nbsp;&nbsp;&nbsp;&nbsp;&nbsp;&nbsp;&nbsp;&nbsp;&nbsp;&nbsp;&nbsp;&nbsp;&nbsp;&nbsp;<\/p>\n<p><em>Vendredi 16 mars 1990 <\/em><\/p>\n<p>Les pr\u00e9jug\u00e9s sur la peinture religieuse sont coriaces; je le constate dans les r\u00e9actions de certains, ils n&rsquo;en voient plus la peinture. Ce n&rsquo;est pas grave. J&rsquo;ai confiance, il faut aller de l&rsquo;avant, je suis motiv\u00e9e comme jamais. Thierry me soutient, les A, aussi.<\/p>\n<p><em>Samedi 22 septembre 1990&nbsp; <\/em><em>&nbsp;<\/em><\/p>\n<p>Je dois bien avouer que je souffre, et je ne suis pas la seule, de l&rsquo;horreur, des malheurs du monde. C&rsquo;est pourquoi je trouve sans doute un grand apaisement \u00e0 peindre ce Chemin de Croix, si paradoxal que cela puisse para\u00eetre. Il donne son sens \u00e0 la souffrance et me permet de l&rsquo;exprimer sublim\u00e9e. C&rsquo;est aussi un exutoire \u00e0 mes propres violences int\u00e9rieures et \u00e0 mon horreur de la violence.&nbsp;&nbsp;&nbsp;&nbsp;&nbsp;&nbsp;&nbsp;&nbsp;&nbsp;&nbsp;&nbsp;&nbsp;&nbsp;&nbsp;&nbsp;&nbsp;&nbsp;&nbsp;&nbsp;&nbsp;&nbsp;&nbsp;&nbsp;&nbsp;&nbsp;&nbsp;&nbsp;&nbsp;&nbsp;&nbsp;&nbsp;&nbsp;&nbsp;&nbsp;&nbsp;&nbsp;&nbsp;&nbsp;&nbsp;&nbsp;&nbsp;&nbsp;&nbsp;&nbsp;&nbsp;&nbsp;&nbsp;&nbsp;&nbsp;&nbsp;&nbsp;&nbsp;&nbsp;&nbsp;&nbsp;&nbsp;&nbsp;&nbsp;&nbsp;&nbsp;&nbsp;&nbsp;&nbsp;&nbsp;&nbsp;&nbsp;&nbsp;&nbsp;&nbsp; &nbsp;&nbsp;<\/p>\n<p><em>Vendredi 16 novembre 1990&nbsp; <\/em><em>&nbsp;<\/em><\/p>\n<p>Lutt\u00e9 pour am\u00e9liorer la 4\u00e8me station. Sans mod\u00e8le autre que moi, et un peu Thierry, mais surtout mon petit mannequin de bois articul\u00e9 que j&rsquo;ai habill\u00e9 d&rsquo;une robe blanche en tissu souple. Si j&rsquo;avais un mod\u00e8le vivant ce serait beaucoup plus \u00ab&nbsp;juste&nbsp;\u00bb mais moins expressif, je tomberais dans un r\u00e9alisme plat, je me connais.&nbsp;&nbsp;&nbsp;&nbsp;&nbsp;&nbsp;&nbsp;&nbsp;&nbsp;&nbsp;&nbsp;&nbsp;&nbsp;&nbsp;&nbsp;&nbsp;&nbsp;&nbsp;&nbsp;&nbsp;&nbsp;&nbsp;&nbsp;&nbsp;&nbsp;&nbsp;&nbsp;&nbsp;&nbsp;&nbsp;<\/p>\n<p><em>Vendredi 4 janvier 1991<\/em><em>&nbsp;<\/em><\/p>\n<p>Honn\u00eatement je trouve ces peintures belles, mais il me suffit d&rsquo;ouvrir un livre de reproductions du XIV\u00e8me ou Xv\u00e8me si\u00e8cle, ou d&rsquo;ic\u00f4nes, pour me sentir mis\u00e9rable. Ma satisfaction est r\u00e9elle mais relative.&nbsp;&nbsp;&nbsp;&nbsp;&nbsp;&nbsp;&nbsp;&nbsp;&nbsp;&nbsp;&nbsp;&nbsp;&nbsp;&nbsp;&nbsp;&nbsp;&nbsp;&nbsp;&nbsp;&nbsp;&nbsp;&nbsp;&nbsp;&nbsp;&nbsp;&nbsp;&nbsp;&nbsp;&nbsp;&nbsp;&nbsp;&nbsp;&nbsp;&nbsp;&nbsp;&nbsp;&nbsp;&nbsp;&nbsp;&nbsp;&nbsp;&nbsp;&nbsp;&nbsp;&nbsp;&nbsp;&nbsp;&nbsp;&nbsp;&nbsp;&nbsp;&nbsp;&nbsp;&nbsp;&nbsp;&nbsp;&nbsp;&nbsp;&nbsp;&nbsp;<\/p>\n<p><em>Jeudi 17 janvier 1991 <\/em><em>&nbsp;<\/em><\/p>\n<p>Il faudra faire des photos. Ce chemin sera expos\u00e9, peut-\u00eatre vendu. M&rsquo;en s\u00e9parer va \u00eatre dur.<\/p>\n<p>Le visage du Christ surtout, trouv\u00e9 dans ce combat, me manquera \u00e9norm\u00e9ment. Il m&rsquo;aura tant aid\u00e9e !&nbsp;&nbsp;&nbsp;&nbsp;&nbsp;&nbsp;&nbsp;&nbsp;&nbsp;&nbsp;&nbsp;&nbsp;&nbsp;&nbsp;&nbsp;&nbsp;&nbsp;&nbsp;&nbsp;&nbsp;&nbsp;&nbsp;&nbsp;&nbsp;&nbsp;&nbsp;&nbsp;&nbsp;&nbsp;&nbsp;&nbsp;&nbsp;&nbsp;&nbsp;&nbsp;&nbsp;&nbsp;&nbsp;&nbsp;&nbsp;&nbsp;&nbsp;&nbsp;&nbsp;&nbsp;&nbsp;&nbsp;&nbsp;&nbsp;&nbsp;&nbsp;&nbsp;&nbsp;&nbsp;&nbsp;&nbsp;&nbsp;&nbsp;&nbsp;&nbsp;&nbsp;&nbsp;&nbsp;&nbsp;&nbsp;&nbsp;&nbsp;&nbsp; &nbsp;&nbsp;&nbsp;&nbsp;&nbsp;&nbsp;&nbsp;&nbsp;&nbsp;&nbsp;&nbsp;&nbsp;&nbsp;&nbsp;&nbsp;&nbsp;&nbsp;&nbsp;&nbsp;&nbsp;<\/p>\n<p>&nbsp;<em>Dimanche 1er d\u00e9cembre 1991 <\/em><\/p>\n<p>Extraits du <em>Chemin de Croix<\/em> de Floristella Stephani : Une publication de la galerie Plexus \u2013 1992<\/p>\n<p>&nbsp;<img loading=\"lazy\" decoding=\"async\" class=\"alignnone size-medium wp-image-1367\" src=\"https:\/\/thierry-vernet.net\/wp-content\/uploads\/2018\/11\/maquette-chemin-croix-01-146x300.jpg\" alt=\"\" height=\"300\" width=\"146\" srcset=\"https:\/\/thierry-vernet.net\/wp-content\/uploads\/2018\/11\/maquette-chemin-croix-01-146x300.jpg 146w, https:\/\/thierry-vernet.net\/wp-content\/uploads\/2018\/11\/maquette-chemin-croix-01-768x1578.jpg 768w, https:\/\/thierry-vernet.net\/wp-content\/uploads\/2018\/11\/maquette-chemin-croix-01-498x1024.jpg 498w, https:\/\/thierry-vernet.net\/wp-content\/uploads\/2018\/11\/maquette-chemin-croix-01.jpg 1320w\" sizes=\"auto, (max-width: 146px) 100vw, 146px\" \/> <img loading=\"lazy\" decoding=\"async\" class=\"size-medium wp-image-1368 alignnone\" src=\"https:\/\/thierry-vernet.net\/wp-content\/uploads\/2018\/11\/maquette-chemin-croix-02-149x300.jpg\" alt=\"\" height=\"300\" width=\"149\" srcset=\"https:\/\/thierry-vernet.net\/wp-content\/uploads\/2018\/11\/maquette-chemin-croix-02-149x300.jpg 149w, https:\/\/thierry-vernet.net\/wp-content\/uploads\/2018\/11\/maquette-chemin-croix-02-768x1541.jpg 768w, https:\/\/thierry-vernet.net\/wp-content\/uploads\/2018\/11\/maquette-chemin-croix-02-510x1024.jpg 510w, https:\/\/thierry-vernet.net\/wp-content\/uploads\/2018\/11\/maquette-chemin-croix-02.jpg 1308w\" sizes=\"auto, (max-width: 149px) 100vw, 149px\" \/><\/p>\n<h5>Maquettes de pr\u00e9paration<\/h5>\n<p>Les oeuvres sont pr\u00e9sent\u00e9es dans : Galerie \u2013 <a href=\"https:\/\/thierry-vernet.net\/floristella-stephani\/galerie-stephani\/\">chemin de croix<\/a><\/p>\n","protected":false},"excerpt":{"rendered":"<p>\u201cJ\u2019ai envie de peindre un Chemin de Croix. Apr\u00e8s ma \u201cCrucifixion\u201d je commence \u00e0 croire que c\u2019est possible. Il y a au moins vingt ans, j\u2019avais vu dans une chapelle de montagne, dans le Haut-Valais, un Chemin de Croix tr\u00e8s &hellip; <a href=\"https:\/\/thierry-vernet.net\/?page_id=193\">Continuer la lecture <span class=\"meta-nav\">&rarr;<\/span><\/a><\/p>\n","protected":false},"author":2,"featured_media":0,"parent":0,"menu_order":0,"comment_status":"closed","ping_status":"closed","template":"","meta":{"ngg_post_thumbnail":0,"footnotes":""},"class_list":["post-193","page","type-page","status-publish","hentry"],"_links":{"self":[{"href":"https:\/\/thierry-vernet.net\/index.php?rest_route=\/wp\/v2\/pages\/193","targetHints":{"allow":["GET"]}}],"collection":[{"href":"https:\/\/thierry-vernet.net\/index.php?rest_route=\/wp\/v2\/pages"}],"about":[{"href":"https:\/\/thierry-vernet.net\/index.php?rest_route=\/wp\/v2\/types\/page"}],"author":[{"embeddable":true,"href":"https:\/\/thierry-vernet.net\/index.php?rest_route=\/wp\/v2\/users\/2"}],"replies":[{"embeddable":true,"href":"https:\/\/thierry-vernet.net\/index.php?rest_route=%2Fwp%2Fv2%2Fcomments&post=193"}],"version-history":[{"count":7,"href":"https:\/\/thierry-vernet.net\/index.php?rest_route=\/wp\/v2\/pages\/193\/revisions"}],"predecessor-version":[{"id":1529,"href":"https:\/\/thierry-vernet.net\/index.php?rest_route=\/wp\/v2\/pages\/193\/revisions\/1529"}],"wp:attachment":[{"href":"https:\/\/thierry-vernet.net\/index.php?rest_route=%2Fwp%2Fv2%2Fmedia&parent=193"}],"curies":[{"name":"wp","href":"https:\/\/api.w.org\/{rel}","templated":true}]}}