{"id":20,"date":"2018-07-01T10:30:29","date_gmt":"2018-07-01T08:30:29","guid":{"rendered":"https:\/\/thierry-vernet.net\/?page_id=20"},"modified":"2018-11-02T15:31:34","modified_gmt":"2018-11-02T13:31:34","slug":"accueil","status":"publish","type":"page","link":"https:\/\/thierry-vernet.net\/?page_id=20","title":{"rendered":"Peindre &#8211; Voir &#8211; Vivre &#8211; S&rsquo;exiler&#8230;"},"content":{"rendered":"<p>Ce site et les manifestations qui leur sont d\u00e9di\u00e9s sont avant tout un hommage rendu par les h\u00e9ritiers et amis \u00e0 deux personnalit\u00e9s d&rsquo;exception, <strong>dont la libert\u00e9 de cr\u00e9ation peut \u00eatre d\u00e9finie ainsi :<\/strong><\/p>\n<p><strong>PEINDRE<\/strong> : Tous deux avaient l&rsquo;intime conviction d&rsquo;\u00eatre \u00ab n\u00e9s peintres \u00bb. Ils en ont donc explor\u00e9 de nombreuses possibilit\u00e9s : gravures, aquarelles, huiles, croquis, invention de d\u00e9cors de th\u00e9\u00e2tre ou de marionnettes.<\/p>\n<p><strong>VOIR<\/strong> : Floristella Stephani et Thierry Vernet \u00e9taient \u00e9galement persuad\u00e9s de l&rsquo;importance de ce regard aiguis\u00e9, libre, essentiel, et transmissible au visiteur.<\/p>\n<p><strong>VIVRE<\/strong> : Il leur a fallu composer, dresser des \u00e9chafaudages vers l&rsquo;\u0153uvre majeure, s&rsquo;essayer \u00e0 d&rsquo;autres modes de cr\u00e9ation. Cette confrontation quotidienne aux entraves et aux d\u00e9fis a nourri leur travail.<\/p>\n<p><strong>S&rsquo;EXILER<\/strong> : Le d\u00e9placement leur a paru une recherche de soi et d&rsquo;un lieu ouvert \u00e0 la cr\u00e9ation. Issus tous deux de bonnes familles genevoises, ils se sont install\u00e9s \u00e0 Paris en 1958.<\/p>\n<p><strong>Pourquoi donc faut-il partir? Pourquoi donc l&rsquo;espace de la cr\u00e9ation est-il si sp\u00e9cifique?<\/strong><\/p>\n<p><img loading=\"lazy\" decoding=\"async\" class=\"wp-image-1297 alignleft\" src=\"https:\/\/thierry-vernet.net\/wp-content\/uploads\/2018\/11\/autoportrait-03-242x300.jpg\" alt=\"\" width=\"159\" height=\"197\" srcset=\"https:\/\/thierry-vernet.net\/wp-content\/uploads\/2018\/11\/autoportrait-03-242x300.jpg 242w, https:\/\/thierry-vernet.net\/wp-content\/uploads\/2018\/11\/autoportrait-03.jpg 673w\" sizes=\"auto, (max-width: 159px) 100vw, 159px\" \/><img loading=\"lazy\" decoding=\"async\" class=\"alignright wp-image-1299\" src=\"https:\/\/thierry-vernet.net\/wp-content\/uploads\/2018\/11\/portrait-floristella-223x300.jpg\" alt=\"\" width=\"135\" height=\"182\" srcset=\"https:\/\/thierry-vernet.net\/wp-content\/uploads\/2018\/11\/portrait-floristella-223x300.jpg 223w, https:\/\/thierry-vernet.net\/wp-content\/uploads\/2018\/11\/portrait-floristella-768x1032.jpg 768w, https:\/\/thierry-vernet.net\/wp-content\/uploads\/2018\/11\/portrait-floristella-762x1024.jpg 762w, https:\/\/thierry-vernet.net\/wp-content\/uploads\/2018\/11\/portrait-floristella.jpg 931w\" sizes=\"auto, (max-width: 135px) 100vw, 135px\" \/><img loading=\"lazy\" decoding=\"async\" class=\"wp-image-1298 aligncenter\" src=\"https:\/\/thierry-vernet.net\/wp-content\/uploads\/2018\/11\/chat-04-300x165.jpg\" alt=\"\" width=\"175\" height=\"96\" srcset=\"https:\/\/thierry-vernet.net\/wp-content\/uploads\/2018\/11\/chat-04-300x165.jpg 300w, https:\/\/thierry-vernet.net\/wp-content\/uploads\/2018\/11\/chat-04-768x423.jpg 768w, https:\/\/thierry-vernet.net\/wp-content\/uploads\/2018\/11\/chat-04.jpg 784w\" sizes=\"auto, (max-width: 175px) 100vw, 175px\" \/><\/p>\n","protected":false},"excerpt":{"rendered":"<p>Ce site et les manifestations qui leur sont d\u00e9di\u00e9s sont avant tout un hommage rendu par les h\u00e9ritiers et amis \u00e0 deux personnalit\u00e9s d&rsquo;exception, dont la libert\u00e9 de cr\u00e9ation peut \u00eatre d\u00e9finie ainsi : PEINDRE : Tous deux avaient l&rsquo;intime &hellip; <a href=\"https:\/\/thierry-vernet.net\/?page_id=20\">Continuer la lecture <span class=\"meta-nav\">&rarr;<\/span><\/a><\/p>\n","protected":false},"author":2,"featured_media":0,"parent":0,"menu_order":0,"comment_status":"closed","ping_status":"closed","template":"","meta":{"ngg_post_thumbnail":0,"footnotes":""},"class_list":["post-20","page","type-page","status-publish","hentry"],"_links":{"self":[{"href":"https:\/\/thierry-vernet.net\/index.php?rest_route=\/wp\/v2\/pages\/20","targetHints":{"allow":["GET"]}}],"collection":[{"href":"https:\/\/thierry-vernet.net\/index.php?rest_route=\/wp\/v2\/pages"}],"about":[{"href":"https:\/\/thierry-vernet.net\/index.php?rest_route=\/wp\/v2\/types\/page"}],"author":[{"embeddable":true,"href":"https:\/\/thierry-vernet.net\/index.php?rest_route=\/wp\/v2\/users\/2"}],"replies":[{"embeddable":true,"href":"https:\/\/thierry-vernet.net\/index.php?rest_route=%2Fwp%2Fv2%2Fcomments&post=20"}],"version-history":[{"count":15,"href":"https:\/\/thierry-vernet.net\/index.php?rest_route=\/wp\/v2\/pages\/20\/revisions"}],"predecessor-version":[{"id":1303,"href":"https:\/\/thierry-vernet.net\/index.php?rest_route=\/wp\/v2\/pages\/20\/revisions\/1303"}],"wp:attachment":[{"href":"https:\/\/thierry-vernet.net\/index.php?rest_route=%2Fwp%2Fv2%2Fmedia&parent=20"}],"curies":[{"name":"wp","href":"https:\/\/api.w.org\/{rel}","templated":true}]}}