{"id":351,"date":"2018-09-10T22:05:52","date_gmt":"2018-09-10T20:05:52","guid":{"rendered":"https:\/\/thierry-vernet.net\/?page_id=351"},"modified":"2018-11-15T10:42:19","modified_gmt":"2018-11-15T08:42:19","slug":"les-marionnettes","status":"publish","type":"page","link":"https:\/\/thierry-vernet.net\/?page_id=351","title":{"rendered":"Les marionnettes"},"content":{"rendered":"<p>Les marionnettes<\/p>\n<p>L&rsquo;art de la marionnette m&rsquo;a \u00e9t\u00e9 r\u00e9v\u00e9l\u00e9 par <a href=\"http:\/\/pagesperso-orange.fr\/tmn\/formation%20pro\/Alain.htm\">Alain Recoing<\/a>.* J&rsquo;y ai trouv\u00e9, dans la libert\u00e9, la respiration de la peinture. Technique de th\u00e9\u00e2tre, l&rsquo;art de la marionnette, fait d&rsquo;objets spiritualis\u00e9s par leur fonction d&rsquo;exprimer, offre des moyens infinis, tout servant \u00e0 la m\u00e9taphore.<\/p>\n<p>Tout ici, est soi-m\u00eame et autre chose, d&rsquo;o\u00f9 la \u00abdistance\u00bb marionnettique, ce \u00abd\u00e9tachement\u00bb, ce \u00abfaire-semblant-de-telle-fa\u00e7on-que-\u00e7a-se-voit\u00bb qui conf\u00e8re \u00e0 cet art son \u00e9tonnant pouvoir po\u00e9tique.<\/p>\n<p>Th.V.<\/p>\n<p>* <a href=\"http:\/\/www.theatre-aux-mains-nues.fr\/\">Compagnie th\u00e9\u00e2tre aux mains nues<\/a><\/p>\nngg_shortcode_0_placeholder\n<p>Cliquez sur l&rsquo;image pour l&rsquo;agrandir<\/p>\n<p>&nbsp;<\/p>\n","protected":false},"excerpt":{"rendered":"<p>Les marionnettes L&rsquo;art de la marionnette m&rsquo;a \u00e9t\u00e9 r\u00e9v\u00e9l\u00e9 par Alain Recoing.* J&rsquo;y ai trouv\u00e9, dans la libert\u00e9, la respiration de la peinture. Technique de th\u00e9\u00e2tre, l&rsquo;art de la marionnette, fait d&rsquo;objets spiritualis\u00e9s par leur fonction d&rsquo;exprimer, offre des moyens &hellip; <a href=\"https:\/\/thierry-vernet.net\/?page_id=351\">Continuer la lecture <span class=\"meta-nav\">&rarr;<\/span><\/a><\/p>\n","protected":false},"author":2,"featured_media":0,"parent":0,"menu_order":0,"comment_status":"closed","ping_status":"closed","template":"","meta":{"ngg_post_thumbnail":0,"footnotes":""},"class_list":["post-351","page","type-page","status-publish","hentry"],"_links":{"self":[{"href":"https:\/\/thierry-vernet.net\/index.php?rest_route=\/wp\/v2\/pages\/351","targetHints":{"allow":["GET"]}}],"collection":[{"href":"https:\/\/thierry-vernet.net\/index.php?rest_route=\/wp\/v2\/pages"}],"about":[{"href":"https:\/\/thierry-vernet.net\/index.php?rest_route=\/wp\/v2\/types\/page"}],"author":[{"embeddable":true,"href":"https:\/\/thierry-vernet.net\/index.php?rest_route=\/wp\/v2\/users\/2"}],"replies":[{"embeddable":true,"href":"https:\/\/thierry-vernet.net\/index.php?rest_route=%2Fwp%2Fv2%2Fcomments&post=351"}],"version-history":[{"count":8,"href":"https:\/\/thierry-vernet.net\/index.php?rest_route=\/wp\/v2\/pages\/351\/revisions"}],"predecessor-version":[{"id":1468,"href":"https:\/\/thierry-vernet.net\/index.php?rest_route=\/wp\/v2\/pages\/351\/revisions\/1468"}],"wp:attachment":[{"href":"https:\/\/thierry-vernet.net\/index.php?rest_route=%2Fwp%2Fv2%2Fmedia&parent=351"}],"curies":[{"name":"wp","href":"https:\/\/api.w.org\/{rel}","templated":true}]}}