{"id":355,"date":"2018-09-10T22:10:02","date_gmt":"2018-09-10T20:10:02","guid":{"rendered":"https:\/\/thierry-vernet.net\/?page_id=355"},"modified":"2019-08-15T19:56:00","modified_gmt":"2019-08-15T17:56:00","slug":"la-graviere","status":"publish","type":"page","link":"https:\/\/thierry-vernet.net\/?page_id=355","title":{"rendered":"La Gravi\u00e8re"},"content":{"rendered":"<h4>&nbsp;&nbsp;&nbsp;&nbsp;&nbsp;&nbsp;&nbsp;&nbsp;&nbsp;&nbsp;&nbsp;&nbsp;&nbsp;&nbsp;&nbsp;&nbsp;&nbsp;&nbsp;&nbsp;&nbsp;&nbsp;&nbsp;&nbsp;&nbsp;&nbsp;&nbsp;&nbsp;&nbsp;&nbsp;&nbsp;&nbsp;&nbsp; <em>Impression \u00e9pouvantable, tout le monde est gras, \u00ab une porcherie mod\u00e8le \u00bb, et la ville pareille, \u00ab grise et tarte \u00bb. Il faudra se trouver une tour d&rsquo;ivoire et un style de vie loin de \u00e7a, pourquoi pas dans \u00abla merveilleuse Savoie\u00bb, avec des proches, des artistes, quelques \u00ab secs \u00bb.<\/em><\/h4>\n<h5>Lettre de Thierry Vernet \u00e0 Nicolas Bouvier \u00e0 son retour \u00e0 Gen\u00e8ve.<\/h5>\n<p><img loading=\"lazy\" decoding=\"async\" class=\"alignnone size-medium wp-image-1225\" src=\"https:\/\/thierry-vernet.net\/wp-content\/uploads\/2018\/11\/La-Gravi\u00e8re-1957-01-300x187.jpg\" alt=\"\" width=\"300\" height=\"187\" srcset=\"https:\/\/thierry-vernet.net\/wp-content\/uploads\/2018\/11\/La-Gravi\u00e8re-1957-01-300x187.jpg 300w, https:\/\/thierry-vernet.net\/wp-content\/uploads\/2018\/11\/La-Gravi\u00e8re-1957-01-768x478.jpg 768w, https:\/\/thierry-vernet.net\/wp-content\/uploads\/2018\/11\/La-Gravi\u00e8re-1957-01-1024x637.jpg 1024w, https:\/\/thierry-vernet.net\/wp-content\/uploads\/2018\/11\/La-Gravi\u00e8re-1957-01.jpg 1597w\" sizes=\"auto, (max-width: 300px) 100vw, 300px\" \/><\/p>\n<p>Ce n&rsquo;est&nbsp;pas en Savoie, mais \u00e0 Nyon que&nbsp;Floristella et Thierry&nbsp; s\u2019installeront dans une petite maison appel\u00e9e \u201cla Gravi\u00e8re\u201d. Ce&nbsp; chalet&nbsp;au bord du lac L\u00e9man deviendra leur \u201cnid\u201d pour deux ans et demi, de 1955 \u00e0 1957.<\/p>\n<p><img loading=\"lazy\" decoding=\"async\" class=\"wp-image-1226 alignright\" src=\"https:\/\/thierry-vernet.net\/wp-content\/uploads\/2018\/11\/Mariage-Floristella-et-Thierry-V-300x206.jpg\" alt=\"\" width=\"292\" height=\"201\" srcset=\"https:\/\/thierry-vernet.net\/wp-content\/uploads\/2018\/11\/Mariage-Floristella-et-Thierry-V-300x206.jpg 300w, https:\/\/thierry-vernet.net\/wp-content\/uploads\/2018\/11\/Mariage-Floristella-et-Thierry-V-768x526.jpg 768w, https:\/\/thierry-vernet.net\/wp-content\/uploads\/2018\/11\/Mariage-Floristella-et-Thierry-V-1024x702.jpg 1024w, https:\/\/thierry-vernet.net\/wp-content\/uploads\/2018\/11\/Mariage-Floristella-et-Thierry-V.jpg 1772w\" sizes=\"auto, (max-width: 292px) 100vw, 292px\" \/><\/p>\n<h6 style=\"text-align: right;\">Mariage de Thierry et Floristella<\/h6>\n<p>&nbsp;<\/p>\n<p>Ils y recevront leurs amis, leurs proches et peindront joyeusement. Les premi\u00e8res expositions de leurs peintures ne se font pas attendre, ainsi que pour chacun une bourse f\u00e9d\u00e9rale.<\/p>\nngg_shortcode_0_placeholder\n<h5><strong>Images : La gravi\u00e8re, Thierry et Floristella dans la maison. Collection priv\u00e9e.<\/strong><\/h5>\n<p>&nbsp;<\/p>\n","protected":false},"excerpt":{"rendered":"<p>&nbsp;&nbsp;&nbsp;&nbsp;&nbsp;&nbsp;&nbsp;&nbsp;&nbsp;&nbsp;&nbsp;&nbsp;&nbsp;&nbsp;&nbsp;&nbsp;&nbsp;&nbsp;&nbsp;&nbsp;&nbsp;&nbsp;&nbsp;&nbsp;&nbsp;&nbsp;&nbsp;&nbsp;&nbsp;&nbsp;&nbsp;&nbsp; Impression \u00e9pouvantable, tout le monde est gras, \u00ab une porcherie mod\u00e8le \u00bb, et la ville pareille, \u00ab grise et tarte \u00bb. Il faudra se trouver une tour d&rsquo;ivoire et un style de vie loin de \u00e7a, pourquoi pas dans &hellip; <a href=\"https:\/\/thierry-vernet.net\/?page_id=355\">Continuer la lecture <span class=\"meta-nav\">&rarr;<\/span><\/a><\/p>\n","protected":false},"author":2,"featured_media":0,"parent":69,"menu_order":0,"comment_status":"closed","ping_status":"closed","template":"","meta":{"ngg_post_thumbnail":0,"footnotes":""},"class_list":["post-355","page","type-page","status-publish","hentry"],"_links":{"self":[{"href":"https:\/\/thierry-vernet.net\/index.php?rest_route=\/wp\/v2\/pages\/355","targetHints":{"allow":["GET"]}}],"collection":[{"href":"https:\/\/thierry-vernet.net\/index.php?rest_route=\/wp\/v2\/pages"}],"about":[{"href":"https:\/\/thierry-vernet.net\/index.php?rest_route=\/wp\/v2\/types\/page"}],"author":[{"embeddable":true,"href":"https:\/\/thierry-vernet.net\/index.php?rest_route=\/wp\/v2\/users\/2"}],"replies":[{"embeddable":true,"href":"https:\/\/thierry-vernet.net\/index.php?rest_route=%2Fwp%2Fv2%2Fcomments&post=355"}],"version-history":[{"count":9,"href":"https:\/\/thierry-vernet.net\/index.php?rest_route=\/wp\/v2\/pages\/355\/revisions"}],"predecessor-version":[{"id":1613,"href":"https:\/\/thierry-vernet.net\/index.php?rest_route=\/wp\/v2\/pages\/355\/revisions\/1613"}],"up":[{"embeddable":true,"href":"https:\/\/thierry-vernet.net\/index.php?rest_route=\/wp\/v2\/pages\/69"}],"wp:attachment":[{"href":"https:\/\/thierry-vernet.net\/index.php?rest_route=%2Fwp%2Fv2%2Fmedia&parent=355"}],"curies":[{"name":"wp","href":"https:\/\/api.w.org\/{rel}","templated":true}]}}