{"id":369,"date":"2018-09-18T09:48:50","date_gmt":"2018-09-18T07:48:50","guid":{"rendered":"https:\/\/thierry-vernet.net\/?page_id=369"},"modified":"2019-08-13T11:40:09","modified_gmt":"2019-08-13T09:40:09","slug":"galerie-theatre","status":"publish","type":"page","link":"https:\/\/thierry-vernet.net\/?page_id=369","title":{"rendered":"Galerie &#8211; Th\u00e9\u00e2tre"},"content":{"rendered":"<p><strong>Projets de d\u00e9cors<\/strong><\/p>\n<p>ngg_shortcode_0_placeholder<br \/>\nngg_shortcode_1_placeholder<\/p>\n<h5>cliquez sur l&rsquo;image pour agrandir<\/h5>\n","protected":false},"excerpt":{"rendered":"<p>Projets de d\u00e9cors cliquez sur l&rsquo;image pour agrandir<\/p>\n","protected":false},"author":2,"featured_media":0,"parent":155,"menu_order":0,"comment_status":"closed","ping_status":"closed","template":"","meta":{"ngg_post_thumbnail":0,"footnotes":""},"class_list":["post-369","page","type-page","status-publish","hentry"],"_links":{"self":[{"href":"https:\/\/thierry-vernet.net\/index.php?rest_route=\/wp\/v2\/pages\/369","targetHints":{"allow":["GET"]}}],"collection":[{"href":"https:\/\/thierry-vernet.net\/index.php?rest_route=\/wp\/v2\/pages"}],"about":[{"href":"https:\/\/thierry-vernet.net\/index.php?rest_route=\/wp\/v2\/types\/page"}],"author":[{"embeddable":true,"href":"https:\/\/thierry-vernet.net\/index.php?rest_route=\/wp\/v2\/users\/2"}],"replies":[{"embeddable":true,"href":"https:\/\/thierry-vernet.net\/index.php?rest_route=%2Fwp%2Fv2%2Fcomments&post=369"}],"version-history":[{"count":6,"href":"https:\/\/thierry-vernet.net\/index.php?rest_route=\/wp\/v2\/pages\/369\/revisions"}],"predecessor-version":[{"id":1605,"href":"https:\/\/thierry-vernet.net\/index.php?rest_route=\/wp\/v2\/pages\/369\/revisions\/1605"}],"up":[{"embeddable":true,"href":"https:\/\/thierry-vernet.net\/index.php?rest_route=\/wp\/v2\/pages\/155"}],"wp:attachment":[{"href":"https:\/\/thierry-vernet.net\/index.php?rest_route=%2Fwp%2Fv2%2Fmedia&parent=369"}],"curies":[{"name":"wp","href":"https:\/\/api.w.org\/{rel}","templated":true}]}}