{"id":62,"date":"2018-07-01T15:23:03","date_gmt":"2018-07-01T13:23:03","guid":{"rendered":"https:\/\/thierry-vernet.net\/?page_id=62"},"modified":"2024-04-28T09:57:13","modified_gmt":"2024-04-28T07:57:13","slug":"thierry-vernet","status":"publish","type":"page","link":"https:\/\/thierry-vernet.net\/?page_id=62","title":{"rendered":"Thierry Vernet"},"content":{"rendered":"<p>N\u00e9 au Grand-Saconnex en 1927, Thierry Vernet s&rsquo;est initi\u00e9 aux arts plastiques aupr\u00e8s du d\u00e9corateur Jean Plojoux et du peintre Xavier Fiala. Apr\u00e8s sa formation, il entreprit un grand voyage en Orient en compagnie de l&rsquo;\u00e9crivain Nicolas Bouvier, dont il illustrera \u00ab L&rsquo;Usage du Monde \u00bb. Pour assurer sa vie mat\u00e9rielle, il r\u00e9alisa les d\u00e9cors d&rsquo;innombrables spectacles, \u00e0 la Com\u00e9die de Gen\u00e8ve, pour les spectacles estivaux de l&rsquo;Op\u00e9ra de Chambre de Gen\u00e8ve, au Grand Th\u00e9\u00e2tre, au th\u00e9\u00e2tre du Jorat ou \u00e0 la Com\u00e9die Fran\u00e7aise, notamment.<\/p>\n<p>Artiste sensible \u00e0 la fois \u00e0 la beaut\u00e9 et au myst\u00e8re du monde, Thierry Vernet (n\u00e9 en 1927 \u00e0 Gen\u00e8ve) est de ces peintres qui, tr\u00e8s \u00e0 l&rsquo;\u00e9cart des all\u00e9es de la mode et de la renomm\u00e9e factice, travaillent dans l&rsquo;enthousiasme et la pers\u00e9v\u00e9rance \u00e0 une oeuvre essentiellement personnelle et<br \/>\ncoh\u00e9rente.<\/p>\n<p>Chaque tableau de Thierry Vernet est une \u00e9v\u00e9nement, une sorte de r\u00e9v\u00e9lation dont les paroles se traduiraient en termes picturaux, tant\u00f4t dans la lumi\u00e8re lustrale o\u00f9 \u00e9clate le lyrisme de ce merveilleux coloriste, et tant\u00f4t dans le p\u00e9nombre opalescente ou les limbes cr\u00e9pusculaires de visions nimb\u00e9es de m\u00e9lancolie.<\/p>\n<p>Po\u00e8te infiniment d\u00e9licat dans sa perception de la r\u00e9alit\u00e9 sensible, Thierry Vernet est \u00e9galement un artiste au m\u00e9tier accompli, dont la splendide libert\u00e9, suppose une longue exp\u00e9rience.<br \/>\n<em>\u00ab Je crois \u00e0 l&rsquo;art qui pousse comme une plante \u00bb Thierry Vernet, article de J-L Kuffer, 1981<\/em>.<\/p>\n<p><img loading=\"lazy\" decoding=\"async\" class=\"alignnone size-full wp-image-386\" src=\"https:\/\/thierry-vernet.net\/wp-content\/uploads\/2018\/09\/Thierry_Vernet03.jpg\" alt=\"\" width=\"214\" height=\"251\" \/> <img loading=\"lazy\" decoding=\"async\" class=\"alignnone size-medium wp-image-387\" src=\"https:\/\/thierry-vernet.net\/wp-content\/uploads\/2018\/09\/Thierry_Vernet04.jpg\" alt=\"\" width=\"214\" height=\"251\" \/><\/p>\n","protected":false},"excerpt":{"rendered":"<p>N\u00e9 au Grand-Saconnex en 1927, Thierry Vernet s&rsquo;est initi\u00e9 aux arts plastiques aupr\u00e8s du d\u00e9corateur Jean Plojoux et du peintre Xavier Fiala. Apr\u00e8s sa formation, il entreprit un grand voyage en Orient en compagnie de l&rsquo;\u00e9crivain Nicolas Bouvier, dont il &hellip; <a href=\"https:\/\/thierry-vernet.net\/?page_id=62\">Continuer la lecture <span class=\"meta-nav\">&rarr;<\/span><\/a><\/p>\n","protected":false},"author":2,"featured_media":0,"parent":0,"menu_order":0,"comment_status":"closed","ping_status":"closed","template":"","meta":{"ngg_post_thumbnail":0,"footnotes":""},"class_list":["post-62","page","type-page","status-publish","hentry"],"_links":{"self":[{"href":"https:\/\/thierry-vernet.net\/index.php?rest_route=\/wp\/v2\/pages\/62","targetHints":{"allow":["GET"]}}],"collection":[{"href":"https:\/\/thierry-vernet.net\/index.php?rest_route=\/wp\/v2\/pages"}],"about":[{"href":"https:\/\/thierry-vernet.net\/index.php?rest_route=\/wp\/v2\/types\/page"}],"author":[{"embeddable":true,"href":"https:\/\/thierry-vernet.net\/index.php?rest_route=\/wp\/v2\/users\/2"}],"replies":[{"embeddable":true,"href":"https:\/\/thierry-vernet.net\/index.php?rest_route=%2Fwp%2Fv2%2Fcomments&post=62"}],"version-history":[{"count":3,"href":"https:\/\/thierry-vernet.net\/index.php?rest_route=\/wp\/v2\/pages\/62\/revisions"}],"predecessor-version":[{"id":389,"href":"https:\/\/thierry-vernet.net\/index.php?rest_route=\/wp\/v2\/pages\/62\/revisions\/389"}],"wp:attachment":[{"href":"https:\/\/thierry-vernet.net\/index.php?rest_route=%2Fwp%2Fv2%2Fmedia&parent=62"}],"curies":[{"name":"wp","href":"https:\/\/api.w.org\/{rel}","templated":true}]}}