{"id":69,"date":"2018-07-01T15:34:47","date_gmt":"2018-07-01T13:34:47","guid":{"rendered":"https:\/\/thierry-vernet.net\/?page_id=69"},"modified":"2024-05-16T09:18:39","modified_gmt":"2024-05-16T07:18:39","slug":"le-couple-vernet-stephani","status":"publish","type":"page","link":"https:\/\/thierry-vernet.net\/?page_id=69","title":{"rendered":"Le couple"},"content":{"rendered":"<p><strong><em>\u00a0\u00bb&nbsp;Nous sommes les amis d&rsquo;un grand chat blanc. Nous ne croyons pas \u00e0 la mort de Dieu. Nous n&rsquo;avons pas d&rsquo;enfants, par manque de vocation, conscience aigu\u00eb des responsabilit\u00e9s que \u00e7a comporte, et besoin vital de libert\u00e9 pour pouvoir peindre malgr\u00e9 les difficult\u00e9s mat\u00e9rielles et le second m\u00e9tier. Et nous sommes li\u00e9s par mille impond\u00e9rables et quantit\u00e9 de choses bien pr\u00e9cises telles que pays, culture, go\u00fbts, id\u00e9al commun. Nous recherchons Dieu par des chemins diff\u00e9rents, mais parall\u00e8les, et nous partageons cette foi qui modifie sensiblement notre existence au cours des ann\u00e9es. Enfin nous tentons chaque jour de r\u00e9soudre le probl\u00e8me de la femme castratrice et de l&rsquo;homme phallocrate. Il semble que nous y parvenions plus ou moins puisque nous restons ensemble et sommes heureux&#8230;\u00a0\u00bb<\/em><\/strong><\/p>\n<p>Extrait de l&rsquo;&nbsp;interview <em>\u00ab\u00a0Un couple cr\u00e9ateur\u00a0\u00bb<\/em>&nbsp; de Jacqueline Th\u00e9voz &#8211;&nbsp; avril 1978<\/p>\n<p><img loading=\"lazy\" decoding=\"async\" class=\"alignnone size-medium wp-image-1078\" src=\"https:\/\/thierry-vernet.net\/wp-content\/uploads\/2018\/10\/vernet-sri-lanka-206x300.jpg\" alt=\"\" width=\"206\" height=\"300\" srcset=\"https:\/\/thierry-vernet.net\/wp-content\/uploads\/2018\/10\/vernet-sri-lanka-206x300.jpg 206w, https:\/\/thierry-vernet.net\/wp-content\/uploads\/2018\/10\/vernet-sri-lanka.jpg 454w\" sizes=\"auto, (max-width: 206px) 100vw, 206px\" \/><img loading=\"lazy\" decoding=\"async\" class=\"alignnone size-medium wp-image-1079\" src=\"https:\/\/thierry-vernet.net\/wp-content\/uploads\/2018\/10\/thierry-et-flo-en-195...Sophie_Lehmann015-Modifier-206x300.jpg\" alt=\"\" width=\"206\" height=\"300\" srcset=\"https:\/\/thierry-vernet.net\/wp-content\/uploads\/2018\/10\/thierry-et-flo-en-195...Sophie_Lehmann015-Modifier-206x300.jpg 206w, https:\/\/thierry-vernet.net\/wp-content\/uploads\/2018\/10\/thierry-et-flo-en-195...Sophie_Lehmann015-Modifier-768x1120.jpg 768w, https:\/\/thierry-vernet.net\/wp-content\/uploads\/2018\/10\/thierry-et-flo-en-195...Sophie_Lehmann015-Modifier-702x1024.jpg 702w, https:\/\/thierry-vernet.net\/wp-content\/uploads\/2018\/10\/thierry-et-flo-en-195...Sophie_Lehmann015-Modifier.jpg 1371w\" sizes=\"auto, (max-width: 206px) 100vw, 206px\" \/><\/p>\n<h6>Au Sri Lanka et \u00e0 Paris<\/h6>\n","protected":false},"excerpt":{"rendered":"<p>\u00a0\u00bb&nbsp;Nous sommes les amis d&rsquo;un grand chat blanc. Nous ne croyons pas \u00e0 la mort de Dieu. Nous n&rsquo;avons pas d&rsquo;enfants, par manque de vocation, conscience aigu\u00eb des responsabilit\u00e9s que \u00e7a comporte, et besoin vital de libert\u00e9 pour pouvoir peindre &hellip; <a href=\"https:\/\/thierry-vernet.net\/?page_id=69\">Continuer la lecture <span class=\"meta-nav\">&rarr;<\/span><\/a><\/p>\n","protected":false},"author":2,"featured_media":0,"parent":0,"menu_order":0,"comment_status":"closed","ping_status":"closed","template":"","meta":{"ngg_post_thumbnail":0,"footnotes":""},"class_list":["post-69","page","type-page","status-publish","hentry"],"_links":{"self":[{"href":"https:\/\/thierry-vernet.net\/index.php?rest_route=\/wp\/v2\/pages\/69","targetHints":{"allow":["GET"]}}],"collection":[{"href":"https:\/\/thierry-vernet.net\/index.php?rest_route=\/wp\/v2\/pages"}],"about":[{"href":"https:\/\/thierry-vernet.net\/index.php?rest_route=\/wp\/v2\/types\/page"}],"author":[{"embeddable":true,"href":"https:\/\/thierry-vernet.net\/index.php?rest_route=\/wp\/v2\/users\/2"}],"replies":[{"embeddable":true,"href":"https:\/\/thierry-vernet.net\/index.php?rest_route=%2Fwp%2Fv2%2Fcomments&post=69"}],"version-history":[{"count":9,"href":"https:\/\/thierry-vernet.net\/index.php?rest_route=\/wp\/v2\/pages\/69\/revisions"}],"predecessor-version":[{"id":1917,"href":"https:\/\/thierry-vernet.net\/index.php?rest_route=\/wp\/v2\/pages\/69\/revisions\/1917"}],"wp:attachment":[{"href":"https:\/\/thierry-vernet.net\/index.php?rest_route=%2Fwp%2Fv2%2Fmedia&parent=69"}],"curies":[{"name":"wp","href":"https:\/\/api.w.org\/{rel}","templated":true}]}}