{"id":805,"date":"2018-10-10T08:51:00","date_gmt":"2018-10-10T06:51:00","guid":{"rendered":"https:\/\/thierry-vernet.net\/?page_id=805"},"modified":"2018-11-02T15:36:15","modified_gmt":"2018-11-02T13:36:15","slug":"enfance-et-adolescence","status":"publish","type":"page","link":"https:\/\/thierry-vernet.net\/?page_id=805","title":{"rendered":"Enfance et adolescence"},"content":{"rendered":"<h2>&nbsp;<\/h2>\n<p>Je suis n\u00e9 le 12 f\u00e9vrier 1927 au Grand-Saconnex, pr\u00e8s de Gen\u00e8ve. Apr\u00e8s une scolarit\u00e9 campagnarde, le coll\u00e8ge, en ville, en d\u00e9pit des amiti\u00e9s que j&rsquo;y ai tiss\u00e9es et qui durent toujours, m&rsquo;a vite d\u00e9courag\u00e9 de poursuivre mes \u00e9tudes. C&rsquo;est de peindre qu&rsquo;il s&rsquo;agissait, ou plut\u00f4t, de ne plus aller au coll\u00e8ge. Des parents encourageants acquiesc\u00e8rent \u00e0 mes d\u00e9sirs et je devins l&rsquo;apprenti du d\u00e9corateur Jean Plojoux et, parall\u00e8lement, du peintre Xavier Fiala, qui fut bien plus et bien mieux qu&rsquo;un professeur de peinture et dessin.<\/p>\n<p><img loading=\"lazy\" decoding=\"async\" class=\"alignnone size-medium wp-image-1306\" src=\"https:\/\/thierry-vernet.net\/wp-content\/uploads\/2018\/11\/Thierry-Roland-et-leur-mer-enfntsr-300x187.jpg\" alt=\"\" width=\"300\" height=\"187\" srcset=\"https:\/\/thierry-vernet.net\/wp-content\/uploads\/2018\/11\/Thierry-Roland-et-leur-mer-enfntsr-300x187.jpg 300w, https:\/\/thierry-vernet.net\/wp-content\/uploads\/2018\/11\/Thierry-Roland-et-leur-mer-enfntsr-768x479.jpg 768w, https:\/\/thierry-vernet.net\/wp-content\/uploads\/2018\/11\/Thierry-Roland-et-leur-mer-enfntsr-1024x639.jpg 1024w, https:\/\/thierry-vernet.net\/wp-content\/uploads\/2018\/11\/Thierry-Roland-et-leur-mer-enfntsr.jpg 2000w\" sizes=\"auto, (max-width: 300px) 100vw, 300px\" \/><\/p>\n<h6>Image&nbsp;: Thierry, son fr\u00e8re Roland et leur m\u00e8re<\/h6>\n<h4><em>C&rsquo;est toute sa vie qu&rsquo;on marche \u00e0 la recherche d&rsquo;un \u00e9quilibre qui, quand il est trouv\u00e9, n\u2019est que provisoire. Au mieux une halte pour reprendre haleine. Pour ma part, j\u2019 ai continuellement ressenti \u00eatre en mutation, comme une chrysalide en perp\u00e9tuelle naissance. Je ne m&rsquo;y suis jamais vraiment habitu\u00e9. Mais il faut bien vivre avec. Et puis, je me dis que c&rsquo;est la ran\u00e7on de la sensibilit\u00e9. Les b\u00fbches ont une vie plus simple !<\/em><\/h4>\n<p>Th. Vernet<\/p>\n","protected":false},"excerpt":{"rendered":"<p>&nbsp; Je suis n\u00e9 le 12 f\u00e9vrier 1927 au Grand-Saconnex, pr\u00e8s de Gen\u00e8ve. Apr\u00e8s une scolarit\u00e9 campagnarde, le coll\u00e8ge, en ville, en d\u00e9pit des amiti\u00e9s que j&rsquo;y ai tiss\u00e9es et qui durent toujours, m&rsquo;a vite d\u00e9courag\u00e9 de poursuivre mes \u00e9tudes. &hellip; <a href=\"https:\/\/thierry-vernet.net\/?page_id=805\">Continuer la lecture <span class=\"meta-nav\">&rarr;<\/span><\/a><\/p>\n","protected":false},"author":2,"featured_media":0,"parent":62,"menu_order":0,"comment_status":"closed","ping_status":"closed","template":"","meta":{"ngg_post_thumbnail":0,"footnotes":""},"class_list":["post-805","page","type-page","status-publish","hentry"],"_links":{"self":[{"href":"https:\/\/thierry-vernet.net\/index.php?rest_route=\/wp\/v2\/pages\/805","targetHints":{"allow":["GET"]}}],"collection":[{"href":"https:\/\/thierry-vernet.net\/index.php?rest_route=\/wp\/v2\/pages"}],"about":[{"href":"https:\/\/thierry-vernet.net\/index.php?rest_route=\/wp\/v2\/types\/page"}],"author":[{"embeddable":true,"href":"https:\/\/thierry-vernet.net\/index.php?rest_route=\/wp\/v2\/users\/2"}],"replies":[{"embeddable":true,"href":"https:\/\/thierry-vernet.net\/index.php?rest_route=%2Fwp%2Fv2%2Fcomments&post=805"}],"version-history":[{"count":3,"href":"https:\/\/thierry-vernet.net\/index.php?rest_route=\/wp\/v2\/pages\/805\/revisions"}],"predecessor-version":[{"id":1307,"href":"https:\/\/thierry-vernet.net\/index.php?rest_route=\/wp\/v2\/pages\/805\/revisions\/1307"}],"up":[{"embeddable":true,"href":"https:\/\/thierry-vernet.net\/index.php?rest_route=\/wp\/v2\/pages\/62"}],"wp:attachment":[{"href":"https:\/\/thierry-vernet.net\/index.php?rest_route=%2Fwp%2Fv2%2Fmedia&parent=805"}],"curies":[{"name":"wp","href":"https:\/\/api.w.org\/{rel}","templated":true}]}}