{"id":809,"date":"2018-10-10T09:00:50","date_gmt":"2018-10-10T07:00:50","guid":{"rendered":"https:\/\/thierry-vernet.net\/?page_id=809"},"modified":"2019-08-13T11:54:45","modified_gmt":"2019-08-13T09:54:45","slug":"java","status":"publish","type":"page","link":"https:\/\/thierry-vernet.net\/?page_id=809","title":{"rendered":"S\u00e9jour \u00e0 Java"},"content":{"rendered":"<h4><em>\u00ab\u00a0L\u00e0-bas il y a plus de lumi\u00e8re, de bu\u00e9e dans la couleur.\u00a0\u00bb<\/em><\/h4>\n<p>&nbsp;<\/p>\n<p>\u00ab\u00a0Entre f\u00e9vrier et mai 1988 j&rsquo;ai eu l&rsquo;occasion de passer, pour un travail de th\u00e9\u00e2tre, deux mois au centre de l&rsquo;\u00eele de Java. J&rsquo;habitais en ville et travaillais en banlieue dans une grande maison lou\u00e9e pour la compagnie. La ville, Solo, est s\u00e9par\u00e9e de sa banlieue , Palm, par une rivi\u00e8re couleur de terre. Au lieu dit Juruk on passe&nbsp;la rivi\u00e8re sur deux ponts m\u00e9talliques, l&rsquo;un r\u00e9serv\u00e9 au trafic lourd, l&rsquo;autre aux pi\u00e9tons, v\u00e9los motos, cyclo-pousse, etc&#8230; A cet endroit la rive gauche de la rivi\u00e8re consiste en une sorte de parc municipal plant\u00e9 de beaux arbres, la rive droite est occup\u00e9e par des bananiers exub\u00e9rants. je passais ces ponts deux fois par jour, le matin t\u00f4t, dans une lumi\u00e8re romaine, et le soir par la nuit noire et chaude. Quelque fois j&rsquo;y allais voir tomber le jour. Je devrais dire plut\u00f4t surgir la nuit, tant elle me semblait na\u00eetre de l&rsquo;eau et de la brume. Sous l&rsquo;\u00e9quateur le cr\u00e9puscule est d&rsquo;une brusquerie effrayante mais durant les quelques instants qui pr\u00e9c\u00e8dent ce somptueux naufrage, quand les amoureux sont partis sur leur Vespa (elle si fr\u00eale, en amazone) et quand les petites prostitu\u00e9es en baskets ont renonc\u00e9 \u00e0 vous entra\u00eener, de leurs gestes obsc\u00e8nes, au bord de l&rsquo;eau, un moment de solitude, de silence et de paix ineffable vous est donn\u00e9. Le paysan d&rsquo;en face rassemble son troupeau d&rsquo;oies, puis se livre avec gr\u00e2ce, discr\u00e9tion et dignit\u00e9 aux n\u00e9cessit\u00e9s de l&rsquo;hygi\u00e8ne; un train passe, sur un troisi\u00e8me pont, au loin; le bleu de plus en plus clair se r\u00e9serve le haut du ciel; enfin, la bu\u00e9e puis le brouillard prennent possession de tout. A Juruk, comme Elie devant sa caverne, je saluais alors la densit\u00e9 de l&rsquo;invisible.\u00a0\u00bb<\/p>\n<p>Th. Vernet<\/p>\n<p><img loading=\"lazy\" decoding=\"async\" class=\"alignnone wp-image-811\" src=\"https:\/\/thierry-vernet.net\/wp-content\/uploads\/2018\/10\/Juruk_4-300x229.jpg\" alt=\"\" width=\"225\" height=\"172\" srcset=\"https:\/\/thierry-vernet.net\/wp-content\/uploads\/2018\/10\/Juruk_4-300x229.jpg 300w, https:\/\/thierry-vernet.net\/wp-content\/uploads\/2018\/10\/Juruk_4.jpg 600w\" sizes=\"auto, (max-width: 225px) 100vw, 225px\" \/><img loading=\"lazy\" decoding=\"async\" class=\"wp-image-812 alignright\" src=\"https:\/\/thierry-vernet.net\/wp-content\/uploads\/2018\/10\/Juruk_5_lheure_citron_2-300x231.jpg\" alt=\"\" width=\"217\" height=\"167\" srcset=\"https:\/\/thierry-vernet.net\/wp-content\/uploads\/2018\/10\/Juruk_5_lheure_citron_2-300x231.jpg 300w, https:\/\/thierry-vernet.net\/wp-content\/uploads\/2018\/10\/Juruk_5_lheure_citron_2.jpg 600w\" sizes=\"auto, (max-width: 217px) 100vw, 217px\" \/><\/p>\n<h4><em>Vieux Zoulou,<\/em><br \/>\n<em>Tous ceux qui ont vu ce soir ces images magnifiques sont repartis chez eux avec un plus qui n\u2019est li\u00e9 ni \u00e0 Java \u2013 reconnu, ador\u00e9 \u2013 ni n\u00e9cessairement \u00e0 la peinture telle qu\u2019on en parle dans le \u201csyst\u00e8me\u201d, mais par un all\u00e8gement qui pourrait aussi bien s\u2019exprimer par la musique ou du texte. Ton choix : formes et couleurs fa\u00e7on Montgolfi\u00e8re. Tes tableaux sont un v\u00e9ritable bienfait. L\u00e9g\u00e8ret\u00e9 et ma\u00eetrise, tu n\u2019as vraiment pas tra\u00een\u00e9 en route.<\/em><\/h4>\n<h4>Nicolas Bouvier&nbsp; &#8211; Cologny, ce soir 14 avril 1989<\/h4>\nngg_shortcode_0_placeholder\n<h5>cliquez sur une image pour agrandir<\/h5>\n","protected":false},"excerpt":{"rendered":"<p>\u00ab\u00a0L\u00e0-bas il y a plus de lumi\u00e8re, de bu\u00e9e dans la couleur.\u00a0\u00bb &nbsp; \u00ab\u00a0Entre f\u00e9vrier et mai 1988 j&rsquo;ai eu l&rsquo;occasion de passer, pour un travail de th\u00e9\u00e2tre, deux mois au centre de l&rsquo;\u00eele de Java. J&rsquo;habitais en ville et &hellip; <a href=\"https:\/\/thierry-vernet.net\/?page_id=809\">Continuer la lecture <span class=\"meta-nav\">&rarr;<\/span><\/a><\/p>\n","protected":false},"author":2,"featured_media":0,"parent":0,"menu_order":0,"comment_status":"closed","ping_status":"closed","template":"","meta":{"ngg_post_thumbnail":0,"footnotes":""},"class_list":["post-809","page","type-page","status-publish","hentry"],"_links":{"self":[{"href":"https:\/\/thierry-vernet.net\/index.php?rest_route=\/wp\/v2\/pages\/809","targetHints":{"allow":["GET"]}}],"collection":[{"href":"https:\/\/thierry-vernet.net\/index.php?rest_route=\/wp\/v2\/pages"}],"about":[{"href":"https:\/\/thierry-vernet.net\/index.php?rest_route=\/wp\/v2\/types\/page"}],"author":[{"embeddable":true,"href":"https:\/\/thierry-vernet.net\/index.php?rest_route=\/wp\/v2\/users\/2"}],"replies":[{"embeddable":true,"href":"https:\/\/thierry-vernet.net\/index.php?rest_route=%2Fwp%2Fv2%2Fcomments&post=809"}],"version-history":[{"count":5,"href":"https:\/\/thierry-vernet.net\/index.php?rest_route=\/wp\/v2\/pages\/809\/revisions"}],"predecessor-version":[{"id":1609,"href":"https:\/\/thierry-vernet.net\/index.php?rest_route=\/wp\/v2\/pages\/809\/revisions\/1609"}],"wp:attachment":[{"href":"https:\/\/thierry-vernet.net\/index.php?rest_route=%2Fwp%2Fv2%2Fmedia&parent=809"}],"curies":[{"name":"wp","href":"https:\/\/api.w.org\/{rel}","templated":true}]}}