{"id":839,"date":"2018-10-10T12:08:00","date_gmt":"2018-10-10T10:08:00","guid":{"rendered":"https:\/\/thierry-vernet.net\/?page_id=839"},"modified":"2018-11-19T18:18:28","modified_gmt":"2018-11-19T16:18:28","slug":"https-thierry-vernet-net-thierry-vernet-theatre","status":"publish","type":"page","link":"https:\/\/thierry-vernet.net\/?page_id=839","title":{"rendered":"Deux amis pr\u00eats \u00e0 d\u00e9vorer le monde"},"content":{"rendered":"<h6><img loading=\"lazy\" decoding=\"async\" class=\"wp-image-847 alignleft\" src=\"https:\/\/thierry-vernet.net\/wp-content\/uploads\/2018\/10\/expo-Tabriz0002-1-300x210.jpg\" alt=\"\" height=\"147\" width=\"210\" srcset=\"https:\/\/thierry-vernet.net\/wp-content\/uploads\/2018\/10\/expo-Tabriz0002-1-300x210.jpg 300w, https:\/\/thierry-vernet.net\/wp-content\/uploads\/2018\/10\/expo-Tabriz0002-1-768x538.jpg 768w, https:\/\/thierry-vernet.net\/wp-content\/uploads\/2018\/10\/expo-Tabriz0002-1-1024x717.jpg 1024w, https:\/\/thierry-vernet.net\/wp-content\/uploads\/2018\/10\/expo-Tabriz0002-1.jpg 1503w\" sizes=\"auto, (max-width: 210px) 100vw, 210px\" \/><\/h6>\n<p><img loading=\"lazy\" decoding=\"async\" class=\"alignnone  wp-image-848\" src=\"https:\/\/thierry-vernet.net\/wp-content\/uploads\/2018\/10\/expo-Tabriz-0001-300x212.jpg\" alt=\"\" height=\"153\" width=\"217\" srcset=\"https:\/\/thierry-vernet.net\/wp-content\/uploads\/2018\/10\/expo-Tabriz-0001-300x212.jpg 300w, https:\/\/thierry-vernet.net\/wp-content\/uploads\/2018\/10\/expo-Tabriz-0001-768x544.jpg 768w, https:\/\/thierry-vernet.net\/wp-content\/uploads\/2018\/10\/expo-Tabriz-0001-1024x725.jpg 1024w, https:\/\/thierry-vernet.net\/wp-content\/uploads\/2018\/10\/expo-Tabriz-0001.jpg 1477w\" sizes=\"auto, (max-width: 217px) 100vw, 217px\" \/><\/p>\n<h6>Une exposition \u00e0 Tabriz<\/h6>\n<p>On semble libre chez les Vernet, le vin coule, on est nombreux \u00e0 table, Thierry, son fr\u00e8re Roland, des cousins, on s&rsquo;amuse. L&rsquo;atmosph\u00e8re est moins compass\u00e9e que chez les Bouvier o\u00f9 le coupe-papier est plus utilis\u00e9 que le couteau \u00e0 aiguiser ou le tire-bouchon. Saconnex est \u00ab le seul endroit de Gen\u00e8ve o\u00f9 se lever pour aller pisser reste une chose naturelle \u00bb, r\u00e9sumera Nicolas.<\/p>\n<p>\u00ab\u00a0Viendras-tu avec moi aux Indes ? \u00bb Et comment que je suis d&rsquo;accord ! r\u00e9pond Thierry. Tout de suite si tu veux. \u00c0 ving<\/p>\n<p>t et un ans, Nicolas Bouvier a d\u00e9j\u00e0 l&rsquo;itin\u00e9raire en t\u00eate : le tour du monde par la route de l&rsquo;Orient, les Indes&#8230;\u00a0\u00bb<\/p>\n<p>Le d\u00e9part est pr\u00e9vu pour l&rsquo;\u00e9t\u00e9 1953, apr\u00e8s les derniers examens de Nicolas Bouvier. Thierry Vernet s&rsquo;en ira seul d\u00e9but juin, \u00e0 petite vitesse, peignant sur les routes comme Van Gogh pour pr\u00e9parer son exposition yougoslave, pr\u00e9vue en ao\u00fbt \u00e0 Belgrade. Nicolas le rejoindra avec la Topo.<\/p>\n<p>Faut-il laisser les filles derri\u00e8re soi ? Vernet a rencontr\u00e9 une jeune artiste, Floristella Stephani, fille d&rsquo;un m\u00e9decin qui tient une clinique d&rsquo;altitude \u00e0 Montana. Elle est tr\u00e8s \u00e9prise de lui mais ne fait pas obstacle \u00e0 son d\u00e9part, envisageant de le rejoindre plus tard en Orient&#8230;<\/p>\n<p>&nbsp;<\/p>\n<p><img loading=\"lazy\" decoding=\"async\" class=\"alignnone wp-image-842\" src=\"https:\/\/thierry-vernet.net\/wp-content\/uploads\/2018\/10\/bouvier-Tabriz-188x300.jpg\" alt=\"\" height=\"266\" width=\"167\" srcset=\"https:\/\/thierry-vernet.net\/wp-content\/uploads\/2018\/10\/bouvier-Tabriz-188x300.jpg 188w, https:\/\/thierry-vernet.net\/wp-content\/uploads\/2018\/10\/bouvier-Tabriz-768x1224.jpg 768w, https:\/\/thierry-vernet.net\/wp-content\/uploads\/2018\/10\/bouvier-Tabriz-642x1024.jpg 642w, https:\/\/thierry-vernet.net\/wp-content\/uploads\/2018\/10\/bouvier-Tabriz.jpg 1066w\" sizes=\"auto, (max-width: 167px) 100vw, 167px\" \/> <img loading=\"lazy\" decoding=\"async\" class=\"alignnone size-medium wp-image-844\" src=\"https:\/\/thierry-vernet.net\/wp-content\/uploads\/2018\/10\/Vernet-Tabriz-300x210.jpg\" alt=\"\" height=\"210\" width=\"300\" srcset=\"https:\/\/thierry-vernet.net\/wp-content\/uploads\/2018\/10\/Vernet-Tabriz-300x210.jpg 300w, https:\/\/thierry-vernet.net\/wp-content\/uploads\/2018\/10\/Vernet-Tabriz-768x536.jpg 768w, https:\/\/thierry-vernet.net\/wp-content\/uploads\/2018\/10\/Vernet-Tabriz-1024x715.jpg 1024w\" sizes=\"auto, (max-width: 300px) 100vw, 300px\" \/><\/p>\n<h6>Nicolas Bouvier et Thierry Vernet \u00e0 Tabriz<\/h6>\n<p>Derniers soins sur la Topo : r\u00e9viser suspension et direction, faire blinder le carter d&rsquo;huile, r\u00e9gler le jeu de la roue arri\u00e8re &#8211; et installer le bagage. Nicolas emporte \u00ab les gris-gris \u00bb de Thierry, ses toiles, savons, complets, et l&rsquo;accord\u00e9on. Il s&rsquo;est achet\u00e9 un pantalon en grosse laine, une veste imperm\u00e9able, de bons souliers, un pull-over,un sac de couchage qu&rsquo;il pr\u00e9voit de renforcer avec les peaux de mouton locales, un sac \u00e0 dos, trois chemises, un briquet.<\/p>\n<p><img loading=\"lazy\" decoding=\"async\" class=\"alignnone wp-image-841\" src=\"https:\/\/thierry-vernet.net\/wp-content\/uploads\/2018\/10\/Bouvier-Kurdistan.-Mus\u00e9e-Elys\u00e9e-fond-B-300x195.jpg\" alt=\"\" height=\"153\" width=\"235\" srcset=\"https:\/\/thierry-vernet.net\/wp-content\/uploads\/2018\/10\/Bouvier-Kurdistan.-Mus\u00e9e-Elys\u00e9e-fond-B-300x195.jpg 300w, https:\/\/thierry-vernet.net\/wp-content\/uploads\/2018\/10\/Bouvier-Kurdistan.-Mus\u00e9e-Elys\u00e9e-fond-B-768x500.jpg 768w, https:\/\/thierry-vernet.net\/wp-content\/uploads\/2018\/10\/Bouvier-Kurdistan.-Mus\u00e9e-Elys\u00e9e-fond-B-1024x667.jpg 1024w, https:\/\/thierry-vernet.net\/wp-content\/uploads\/2018\/10\/Bouvier-Kurdistan.-Mus\u00e9e-Elys\u00e9e-fond-B.jpg 1144w\" sizes=\"auto, (max-width: 235px) 100vw, 235px\" \/> <img loading=\"lazy\" decoding=\"async\" class=\"alignnone wp-image-843\" src=\"https:\/\/thierry-vernet.net\/wp-content\/uploads\/2018\/10\/Turquie-1953-300x210.jpg\" alt=\"\" height=\"165\" width=\"236\" srcset=\"https:\/\/thierry-vernet.net\/wp-content\/uploads\/2018\/10\/Turquie-1953-300x210.jpg 300w, https:\/\/thierry-vernet.net\/wp-content\/uploads\/2018\/10\/Turquie-1953-768x537.jpg 768w, https:\/\/thierry-vernet.net\/wp-content\/uploads\/2018\/10\/Turquie-1953-1024x716.jpg 1024w\" sizes=\"auto, (max-width: 236px) 100vw, 236px\" \/><\/p>\n<p>\u00ab Nous ne sommes pas ici pour un raid \u00e0 la Kon-Tiki \u00bb, \u00e9crit Vernet \u00e0 ses parents, d\u00e8s les retrouvailles des amis. Nicolas Bouvier le confirme : pas ici pour r\u00e9aliser un exploit, franchir des distances mat\u00e9rielles. Mais spirituelles. A toute petite allure : \u00eatre enti\u00e8rement l\u00e0 o\u00f9 l&rsquo;on se trouve, apprendre du voyage, se balader dans le temps aussi bien que dans l&rsquo;espace et la soci\u00e9t\u00e9, ressentir les plus imperceptibles changements de m\u0153urs, se trouver les d\u00e9positaires de biographies, car on raconte beaucoup \u00e0 ceux qui passent, m\u00eame avec peu de mots. \u00catre, tout simplement, ouvert \u00e0 toute exp\u00e9rience sensible, \u00e0 toute perception authentique. La finalit\u00e9 pour Vernet : \u00ab Nous clarifier, nous passer \u00e0 l&rsquo;alambic. \u00bb Les deux amis entrent avec l&rsquo;enthousiasme de la jeunesse dans <strong>\u00able beau m\u00e9tier de voyageur\u00bb<\/strong>, selon l&rsquo;expression de Nicolas Bouvier, dans l&rsquo;espoir d&rsquo;en sortir en hommes, c&rsquo;est-\u00e0-dire en artistes, un peintre et un \u00e9crivain. Ils vont apprendre que ce n&rsquo;est pas une sin\u00e9cure, qu&rsquo;on y laisse plus qu&rsquo;une \u00ab livre de chair \u00bb.<\/p>\n<p><em>Fran\u00e7ois Laut \u2013 Nicolas Bouvier \u2013 l\u2019\u0153il qui \u00e9crit. Ed. Payot<\/em><\/p>\n<p>&nbsp;<\/p>\n<p>&nbsp;<\/p>\n<p>&nbsp;<\/p>\n","protected":false},"excerpt":{"rendered":"<p>Une exposition \u00e0 Tabriz On semble libre chez les Vernet, le vin coule, on est nombreux \u00e0 table, Thierry, son fr\u00e8re Roland, des cousins, on s&rsquo;amuse. L&rsquo;atmosph\u00e8re est moins compass\u00e9e que chez les Bouvier o\u00f9 le coupe-papier est plus utilis\u00e9 &hellip; <a href=\"https:\/\/thierry-vernet.net\/?page_id=839\">Continuer la lecture <span class=\"meta-nav\">&rarr;<\/span><\/a><\/p>\n","protected":false},"author":2,"featured_media":0,"parent":158,"menu_order":0,"comment_status":"closed","ping_status":"closed","template":"","meta":{"ngg_post_thumbnail":0,"footnotes":""},"class_list":["post-839","page","type-page","status-publish","hentry"],"_links":{"self":[{"href":"https:\/\/thierry-vernet.net\/index.php?rest_route=\/wp\/v2\/pages\/839","targetHints":{"allow":["GET"]}}],"collection":[{"href":"https:\/\/thierry-vernet.net\/index.php?rest_route=\/wp\/v2\/pages"}],"about":[{"href":"https:\/\/thierry-vernet.net\/index.php?rest_route=\/wp\/v2\/types\/page"}],"author":[{"embeddable":true,"href":"https:\/\/thierry-vernet.net\/index.php?rest_route=\/wp\/v2\/users\/2"}],"replies":[{"embeddable":true,"href":"https:\/\/thierry-vernet.net\/index.php?rest_route=%2Fwp%2Fv2%2Fcomments&post=839"}],"version-history":[{"count":11,"href":"https:\/\/thierry-vernet.net\/index.php?rest_route=\/wp\/v2\/pages\/839\/revisions"}],"predecessor-version":[{"id":1480,"href":"https:\/\/thierry-vernet.net\/index.php?rest_route=\/wp\/v2\/pages\/839\/revisions\/1480"}],"up":[{"embeddable":true,"href":"https:\/\/thierry-vernet.net\/index.php?rest_route=\/wp\/v2\/pages\/158"}],"wp:attachment":[{"href":"https:\/\/thierry-vernet.net\/index.php?rest_route=%2Fwp%2Fv2%2Fmedia&parent=839"}],"curies":[{"name":"wp","href":"https:\/\/api.w.org\/{rel}","templated":true}]}}